{"id":553,"date":"2025-10-20T00:19:56","date_gmt":"2025-10-19T20:19:56","guid":{"rendered":"https:\/\/auskoln.az\/?post_type=product&#038;p=553"},"modified":"2025-10-20T00:20:58","modified_gmt":"2025-10-19T20:20:58","slug":"its-too-late","status":"publish","type":"product","link":"https:\/\/auskoln.az\/ru\/product\/its-too-late\/","title":{"rendered":"&#8220;It&#8217;s too late&#8221; &#8211; a\u00e7\u0131q\u00e7a"},"content":{"rendered":"","protected":false},"excerpt":{"rendered":"<p>Minimalist, bir az kinay\u0259li, amma d\u0259rin m\u0259nal\u0131 bu a\u00e7\u0131qca h\u0259yat\u0131n ke\u00e7iciliyini yumor v\u0259 sakit q\u0259bul il\u0259 birl\u0259\u015fdirir. Mavi inc\u0259 yaz\u0131 t\u0259rzi v\u0259 t\u0259miz a\u011f fon sad\u0259liyi v\u0259 introspektiv enerjini \u00f6n plana \u00e7\u0131xar\u0131r. Bu kart h\u0259m d\u00fc\u015f\u00fcnc\u0259li bir g\u00fcl\u00fcms\u0259m\u0259, h\u0259m d\u0259 sakit bir \u201cb\u0259li, el\u0259yik d\u0259 art\u0131q\u201d etiraf\u0131d\u0131r.<\/p>","protected":false},"featured_media":555,"template":"","meta":[],"product_brand":[],"product_cat":[32],"product_tag":[77],"class_list":{"0":"post-553","1":"product","2":"type-product","3":"status-publish","4":"has-post-thumbnail","6":"product_cat-foldables","7":"product_tag-love","8":"pa_application-friends","9":"pa_application-gift","10":"pa_application-love","12":"first","13":"instock","14":"shipping-taxable","15":"purchasable","16":"product-type-variable","17":"has-default-attributes"},"_links":{"self":[{"href":"https:\/\/auskoln.az\/ru\/wp-json\/wp\/v2\/product\/553","targetHints":{"allow":["GET"]}}],"collection":[{"href":"https:\/\/auskoln.az\/ru\/wp-json\/wp\/v2\/product"}],"about":[{"href":"https:\/\/auskoln.az\/ru\/wp-json\/wp\/v2\/types\/product"}],"wp:featuredmedia":[{"embeddable":true,"href":"https:\/\/auskoln.az\/ru\/wp-json\/wp\/v2\/media\/555"}],"wp:attachment":[{"href":"https:\/\/auskoln.az\/ru\/wp-json\/wp\/v2\/media?parent=553"}],"wp:term":[{"taxonomy":"product_brand","embeddable":true,"href":"https:\/\/auskoln.az\/ru\/wp-json\/wp\/v2\/product_brand?post=553"},{"taxonomy":"product_cat","embeddable":true,"href":"https:\/\/auskoln.az\/ru\/wp-json\/wp\/v2\/product_cat?post=553"},{"taxonomy":"product_tag","embeddable":true,"href":"https:\/\/auskoln.az\/ru\/wp-json\/wp\/v2\/product_tag?post=553"}],"curies":[{"name":"wp","href":"https:\/\/api.w.org\/{rel}","templated":true}]}}