{"id":548,"date":"2025-10-20T00:12:38","date_gmt":"2025-10-19T20:12:38","guid":{"rendered":"https:\/\/auskoln.az\/?post_type=product&#038;p=548"},"modified":"2025-12-10T14:10:59","modified_gmt":"2025-12-10T10:10:59","slug":"new-year-same-btch","status":"publish","type":"product","link":"https:\/\/auskoln.az\/ru\/product\/new-year-same-btch\/","title":{"rendered":"&#8220;New year same b*tch&#8221; &#8211; a\u00e7\u0131q\u00e7a"},"content":{"rendered":"","protected":false},"excerpt":{"rendered":"<p>C\u0259sar\u0259tli, \u0259yl\u0259nc\u0259li v\u0259 \u00f6z\u00fcn\u0259 g\u00fcv\u0259n dolu \u2014 bu a\u00e7\u0131qca yeni il\u0259 t\u0259rav\u0259tli, amma eyni enerjili \u015f\u0259kild\u0259 girm\u0259yin simvoludur. Parlaq q\u0131rm\u0131z\u0131 retro h\u0259rfl\u0259r v\u0259 b\u0259n\u00f6v\u015f\u0259yi fon m\u00fcasirlikl\u0259 70-ci ill\u0259rin ruhunu birl\u0259\u015fdirir. \u00d6z\u00fcn\u00fc oldu\u011fu kimi sev\u0259nl\u0259r, d\u0259yi\u015fm\u0259d\u0259n parlayanlar v\u0259 \u201cyen\u0259 m\u0259n\u0259m, amma bir az daha parlaq\u201d dey\u0259nl\u0259r \u00fc\u00e7\u00fcn yarad\u0131l\u0131b.<\/p>","protected":false},"featured_media":550,"template":"","meta":[],"product_brand":[],"product_cat":[32],"product_tag":[77],"class_list":{"0":"post-548","1":"product","2":"type-product","3":"status-publish","4":"has-post-thumbnail","6":"product_cat-foldables","7":"product_tag-love","8":"pa_application-friends","9":"pa_application-gift","11":"first","12":"instock","13":"shipping-taxable","14":"purchasable","15":"product-type-variable","16":"has-default-attributes"},"_links":{"self":[{"href":"https:\/\/auskoln.az\/ru\/wp-json\/wp\/v2\/product\/548","targetHints":{"allow":["GET"]}}],"collection":[{"href":"https:\/\/auskoln.az\/ru\/wp-json\/wp\/v2\/product"}],"about":[{"href":"https:\/\/auskoln.az\/ru\/wp-json\/wp\/v2\/types\/product"}],"wp:featuredmedia":[{"embeddable":true,"href":"https:\/\/auskoln.az\/ru\/wp-json\/wp\/v2\/media\/550"}],"wp:attachment":[{"href":"https:\/\/auskoln.az\/ru\/wp-json\/wp\/v2\/media?parent=548"}],"wp:term":[{"taxonomy":"product_brand","embeddable":true,"href":"https:\/\/auskoln.az\/ru\/wp-json\/wp\/v2\/product_brand?post=548"},{"taxonomy":"product_cat","embeddable":true,"href":"https:\/\/auskoln.az\/ru\/wp-json\/wp\/v2\/product_cat?post=548"},{"taxonomy":"product_tag","embeddable":true,"href":"https:\/\/auskoln.az\/ru\/wp-json\/wp\/v2\/product_tag?post=548"}],"curies":[{"name":"wp","href":"https:\/\/api.w.org\/{rel}","templated":true}]}}