{"id":544,"date":"2025-10-19T23:41:41","date_gmt":"2025-10-19T19:41:41","guid":{"rendered":"https:\/\/auskoln.az\/?post_type=product&#038;p=544"},"modified":"2025-10-27T18:18:03","modified_gmt":"2025-10-27T14:18:03","slug":"i-told-chatgpt-about-you","status":"publish","type":"product","link":"https:\/\/auskoln.az\/ru\/product\/i-told-chatgpt-about-you\/","title":{"rendered":"&#8220;I told ChatGPT about you&#8221; &#8211; postkard"},"content":{"rendered":"","protected":false},"excerpt":{"rendered":"<p>\u015eirin, m\u00fcasir v\u0259 bir az da texnoloji m\u0259h\u0259bb\u0259t etiraf\u0131! Bu a\u00e7\u0131qca iki mehriban pi\u015fiyin bir-birin\u0259 yax\u0131nla\u015fd\u0131\u011f\u0131 sevimli ill\u00fcstrasiya il\u0259 s\u0259mimi v\u0259 yumor dolu bir mesaj\u0131 birl\u0259\u015fdirir: \u201cS\u0259nd\u0259n ChatGPT-y\u0259 dan\u0131\u015fd\u0131m.\u201d Romantik hissl\u0259ri orijinal v\u0259 m\u00fcasir \u015f\u0259kild\u0259 ifad\u0259 etm\u0259k ist\u0259y\u0259nl\u0259r \u00fc\u00e7\u00fcn m\u00fck\u0259mm\u0259l se\u00e7imdir.<\/p>","protected":false},"featured_media":542,"template":"","meta":[],"product_brand":[],"product_cat":[31],"product_tag":[],"class_list":{"0":"post-544","1":"product","2":"type-product","3":"status-publish","4":"has-post-thumbnail","6":"product_cat-postcards","7":"pa_application-family","8":"pa_application-friends","9":"pa_application-gift","10":"pa_application-colleagues","11":"pa_application-love","13":"first","14":"instock","15":"purchasable","16":"product-type-variable","17":"has-default-attributes"},"_links":{"self":[{"href":"https:\/\/auskoln.az\/ru\/wp-json\/wp\/v2\/product\/544","targetHints":{"allow":["GET"]}}],"collection":[{"href":"https:\/\/auskoln.az\/ru\/wp-json\/wp\/v2\/product"}],"about":[{"href":"https:\/\/auskoln.az\/ru\/wp-json\/wp\/v2\/types\/product"}],"wp:featuredmedia":[{"embeddable":true,"href":"https:\/\/auskoln.az\/ru\/wp-json\/wp\/v2\/media\/542"}],"wp:attachment":[{"href":"https:\/\/auskoln.az\/ru\/wp-json\/wp\/v2\/media?parent=544"}],"wp:term":[{"taxonomy":"product_brand","embeddable":true,"href":"https:\/\/auskoln.az\/ru\/wp-json\/wp\/v2\/product_brand?post=544"},{"taxonomy":"product_cat","embeddable":true,"href":"https:\/\/auskoln.az\/ru\/wp-json\/wp\/v2\/product_cat?post=544"},{"taxonomy":"product_tag","embeddable":true,"href":"https:\/\/auskoln.az\/ru\/wp-json\/wp\/v2\/product_tag?post=544"}],"curies":[{"name":"wp","href":"https:\/\/api.w.org\/{rel}","templated":true}]}}