{"id":540,"date":"2025-10-19T23:39:32","date_gmt":"2025-10-19T19:39:32","guid":{"rendered":"https:\/\/auskoln.az\/?post_type=product&#038;p=540"},"modified":"2025-10-19T23:41:27","modified_gmt":"2025-10-19T19:41:27","slug":"concatulations","status":"publish","type":"product","link":"https:\/\/auskoln.az\/ru\/product\/concatulations\/","title":{"rendered":"&#8220;Concatulations&#8221; &#8211; postkard"},"content":{"rendered":"","protected":false},"excerpt":{"rendered":"<p>Zarafatc\u0131l v\u0259 sevimli ruhu il\u0259 bu a\u00e7\u0131qca ad g\u00fcnl\u0259rini daha da \u015f\u0259nl\u0259\u015fdirir. Ba\u015f\u0131nda bayram papa\u011f\u0131, yan\u0131nda h\u0259diyy\u0259 v\u0259 \u00fcr\u0259kl\u0259rl\u0259 b\u0259z\u0259dilmi\u015f pi\u015fik ill\u00fcstrasiyas\u0131 t\u0259b\u0259ss\u00fcm v\u0259 isti duy\u011fular yarad\u0131r. \u201cAd g\u00fcn\u00fcn m\u00fcbar\u0259k v\u0259 t\u0259brikl\u0259r!\u201d yaz\u0131s\u0131 is\u0259 bu an\u0131n sad\u0259, amma xo\u015f ovqat\u0131n\u0131 tamamlay\u0131r.<\/p>","protected":false},"featured_media":543,"template":"","meta":[],"product_brand":[],"product_cat":[31],"product_tag":[],"class_list":{"0":"post-540","1":"product","2":"type-product","3":"status-publish","4":"has-post-thumbnail","6":"product_cat-postcards","7":"pa_application-family","8":"pa_application-friends","9":"pa_application-gift","10":"pa_application-colleagues","11":"pa_application-love","13":"first","14":"instock","15":"purchasable","16":"product-type-variable","17":"has-default-attributes"},"_links":{"self":[{"href":"https:\/\/auskoln.az\/ru\/wp-json\/wp\/v2\/product\/540","targetHints":{"allow":["GET"]}}],"collection":[{"href":"https:\/\/auskoln.az\/ru\/wp-json\/wp\/v2\/product"}],"about":[{"href":"https:\/\/auskoln.az\/ru\/wp-json\/wp\/v2\/types\/product"}],"wp:featuredmedia":[{"embeddable":true,"href":"https:\/\/auskoln.az\/ru\/wp-json\/wp\/v2\/media\/543"}],"wp:attachment":[{"href":"https:\/\/auskoln.az\/ru\/wp-json\/wp\/v2\/media?parent=540"}],"wp:term":[{"taxonomy":"product_brand","embeddable":true,"href":"https:\/\/auskoln.az\/ru\/wp-json\/wp\/v2\/product_brand?post=540"},{"taxonomy":"product_cat","embeddable":true,"href":"https:\/\/auskoln.az\/ru\/wp-json\/wp\/v2\/product_cat?post=540"},{"taxonomy":"product_tag","embeddable":true,"href":"https:\/\/auskoln.az\/ru\/wp-json\/wp\/v2\/product_tag?post=540"}],"curies":[{"name":"wp","href":"https:\/\/api.w.org\/{rel}","templated":true}]}}