{"id":537,"date":"2025-10-19T23:33:35","date_gmt":"2025-10-19T19:33:35","guid":{"rendered":"https:\/\/auskoln.az\/?post_type=product&#038;p=537"},"modified":"2025-10-19T23:34:44","modified_gmt":"2025-10-19T19:34:44","slug":"tebrik-edirem","status":"publish","type":"product","link":"https:\/\/auskoln.az\/ru\/product\/tebrik-edirem\/","title":{"rendered":"&#8220;T\u0259brik edir\u0259m&#8221; &#8211; postkard"},"content":{"rendered":"","protected":false},"excerpt":{"rendered":"<p>Retro dal\u011fal\u0131 fon v\u0259 c\u0259sar\u0259tli q\u0131rm\u0131z\u0131 h\u0259rfl\u0259rl\u0259 haz\u0131rlanm\u0131\u015f bu a\u00e7\u0131qca m\u00fcasirlik v\u0259 nostaljini birl\u0259\u015fdirir. \u201cT\u0259brik edir\u0259m\u201d s\u00f6zl\u0259ri enerjili, dinamik v\u0259 sevinc dolu t\u0259rzd\u0259 dizayn edilib \u2014 sanki s\u0259nin s\u00f6zl\u0259rini r\u0259ngl\u0259rl\u0259 s\u00f6yl\u0259yir. \u0130st\u0259nil\u0259n t\u0259brik \u00fc\u00e7\u00fcn universal, pozitiv v\u0259 z\u00f6vql\u00fc se\u00e7imdir.<\/p>","protected":false},"featured_media":539,"template":"","meta":[],"product_brand":[],"product_cat":[31],"product_tag":[],"class_list":{"0":"post-537","1":"product","2":"type-product","3":"status-publish","4":"has-post-thumbnail","6":"product_cat-postcards","7":"pa_application-family","8":"pa_application-friends","9":"pa_application-gift","10":"pa_application-colleagues","12":"first","13":"instock","14":"purchasable","15":"product-type-variable","16":"has-default-attributes"},"_links":{"self":[{"href":"https:\/\/auskoln.az\/ru\/wp-json\/wp\/v2\/product\/537","targetHints":{"allow":["GET"]}}],"collection":[{"href":"https:\/\/auskoln.az\/ru\/wp-json\/wp\/v2\/product"}],"about":[{"href":"https:\/\/auskoln.az\/ru\/wp-json\/wp\/v2\/types\/product"}],"wp:featuredmedia":[{"embeddable":true,"href":"https:\/\/auskoln.az\/ru\/wp-json\/wp\/v2\/media\/539"}],"wp:attachment":[{"href":"https:\/\/auskoln.az\/ru\/wp-json\/wp\/v2\/media?parent=537"}],"wp:term":[{"taxonomy":"product_brand","embeddable":true,"href":"https:\/\/auskoln.az\/ru\/wp-json\/wp\/v2\/product_brand?post=537"},{"taxonomy":"product_cat","embeddable":true,"href":"https:\/\/auskoln.az\/ru\/wp-json\/wp\/v2\/product_cat?post=537"},{"taxonomy":"product_tag","embeddable":true,"href":"https:\/\/auskoln.az\/ru\/wp-json\/wp\/v2\/product_tag?post=537"}],"curies":[{"name":"wp","href":"https:\/\/api.w.org\/{rel}","templated":true}]}}