{"id":535,"date":"2025-10-19T16:24:42","date_gmt":"2025-10-19T12:24:42","guid":{"rendered":"https:\/\/auskoln.az\/?post_type=product&#038;p=535"},"modified":"2025-10-19T16:25:55","modified_gmt":"2025-10-19T12:25:55","slug":"bugun-gunundur-senin-ad","status":"publish","type":"product","link":"https:\/\/auskoln.az\/ru\/product\/bugun-gunundur-senin-ad\/","title":{"rendered":"&#8220;Bu g\u00fcn g\u00fcn\u00fcnd\u00fcr s\u0259nin ad&#8221; &#8211; a\u00e7\u0131q\u00e7a"},"content":{"rendered":"","protected":false},"excerpt":{"rendered":"<p>\u018fyl\u0259nc\u0259li, \u015firin v\u0259 unudulmaz \u2014 bu a\u00e7\u0131qca do\u011fum g\u00fcn\u00fc t\u0259brikl\u0259rini sevimli \u015f\u0259kild\u0259 \u00e7atd\u0131r\u0131r. Ya\u015f\u0131l balaca fiqur \u0259lind\u0259 \u015faml\u0131 cupcake tutaraq sanki deyir: \u201cBu g\u00fcn g\u00fcn\u00fcnd\u00fcr s\u0259nin ad!\u201d Parlaq r\u0259ngl\u0259r v\u0259 u\u015faq kimi saf ifad\u0259 kart\u0131 h\u0259m b\u00f6y\u00fckl\u0259r, h\u0259m d\u0259 u\u015faqlar \u00fc\u00e7\u00fcn \u0259yl\u0259nc\u0259li v\u0259 sevinc dolu edir.<\/p>","protected":false},"featured_media":529,"template":"","meta":[],"product_brand":[],"product_cat":[32],"product_tag":[77],"class_list":{"0":"post-535","1":"product","2":"type-product","3":"status-publish","4":"has-post-thumbnail","6":"product_cat-foldables","7":"product_tag-love","8":"pa_application-family","9":"pa_application-friends","10":"pa_application-gift","11":"pa_application-love","13":"first","14":"instock","15":"shipping-taxable","16":"purchasable","17":"product-type-variable","18":"has-default-attributes"},"_links":{"self":[{"href":"https:\/\/auskoln.az\/ru\/wp-json\/wp\/v2\/product\/535","targetHints":{"allow":["GET"]}}],"collection":[{"href":"https:\/\/auskoln.az\/ru\/wp-json\/wp\/v2\/product"}],"about":[{"href":"https:\/\/auskoln.az\/ru\/wp-json\/wp\/v2\/types\/product"}],"wp:featuredmedia":[{"embeddable":true,"href":"https:\/\/auskoln.az\/ru\/wp-json\/wp\/v2\/media\/529"}],"wp:attachment":[{"href":"https:\/\/auskoln.az\/ru\/wp-json\/wp\/v2\/media?parent=535"}],"wp:term":[{"taxonomy":"product_brand","embeddable":true,"href":"https:\/\/auskoln.az\/ru\/wp-json\/wp\/v2\/product_brand?post=535"},{"taxonomy":"product_cat","embeddable":true,"href":"https:\/\/auskoln.az\/ru\/wp-json\/wp\/v2\/product_cat?post=535"},{"taxonomy":"product_tag","embeddable":true,"href":"https:\/\/auskoln.az\/ru\/wp-json\/wp\/v2\/product_tag?post=535"}],"curies":[{"name":"wp","href":"https:\/\/api.w.org\/{rel}","templated":true}]}}