{"id":516,"date":"2025-10-14T23:54:42","date_gmt":"2025-10-14T19:54:42","guid":{"rendered":"https:\/\/auskoln.az\/?post_type=product&#038;p=516"},"modified":"2025-10-20T00:11:19","modified_gmt":"2025-10-19T20:11:19","slug":"partner-in-wine","status":"publish","type":"product","link":"https:\/\/auskoln.az\/ru\/product\/partner-in-wine\/","title":{"rendered":"&#8220;Partner in wine&#8221; &#8211; a\u00e7\u0131q\u00e7a"},"content":{"rendered":"","protected":false},"excerpt":{"rendered":"<p>Oynaq, z\u0259rif v\u0259 m\u00fck\u0259mm\u0259l ars\u0131z \u2014 bu a\u00e7\u0131qca \u0259n yax\u015f\u0131 g\u00fcl\u00fc\u015fl\u0259rinizi (v\u0259 q\u0259d\u0259hl\u0259rinizi) payla\u015fd\u0131\u011f\u0131n\u0131z \u015f\u0259xs \u00fc\u00e7\u00fcn haz\u0131rlanm\u0131\u015fd\u0131r. T\u00fcnd mavi r\u0259ngd\u0259 \u015f\u0259rab q\u0259d\u0259h qald\u0131ran iki \u0259lin minimalist cizgi il\u0259 t\u0259sviri, bayram sevincini v\u0259 dostluq ba\u011f\u0131n\u0131 \u0259ks etdirir. \u0130st\u0259r ruh yolda\u015f\u0131n\u0131z, ist\u0259r \u0259n yax\u015f\u0131 dostunuz, ist\u0259rs\u0259 d\u0259 \u015f\u0259rab dostunuz olsun, bu a\u00e7\u0131q\u00e7a h\u0259r \u015feyi \u00fcslubla izah edir.<\/p>","protected":false},"featured_media":518,"template":"","meta":[],"product_brand":[],"product_cat":[32],"product_tag":[77],"class_list":{"0":"post-516","1":"product","2":"type-product","3":"status-publish","4":"has-post-thumbnail","6":"product_cat-foldables","7":"product_tag-love","8":"pa_application-family","9":"pa_application-friends","10":"pa_application-gift","11":"pa_application-colleagues","12":"pa_application-love","14":"first","15":"instock","16":"shipping-taxable","17":"purchasable","18":"product-type-variable","19":"has-default-attributes"},"_links":{"self":[{"href":"https:\/\/auskoln.az\/ru\/wp-json\/wp\/v2\/product\/516","targetHints":{"allow":["GET"]}}],"collection":[{"href":"https:\/\/auskoln.az\/ru\/wp-json\/wp\/v2\/product"}],"about":[{"href":"https:\/\/auskoln.az\/ru\/wp-json\/wp\/v2\/types\/product"}],"wp:featuredmedia":[{"embeddable":true,"href":"https:\/\/auskoln.az\/ru\/wp-json\/wp\/v2\/media\/518"}],"wp:attachment":[{"href":"https:\/\/auskoln.az\/ru\/wp-json\/wp\/v2\/media?parent=516"}],"wp:term":[{"taxonomy":"product_brand","embeddable":true,"href":"https:\/\/auskoln.az\/ru\/wp-json\/wp\/v2\/product_brand?post=516"},{"taxonomy":"product_cat","embeddable":true,"href":"https:\/\/auskoln.az\/ru\/wp-json\/wp\/v2\/product_cat?post=516"},{"taxonomy":"product_tag","embeddable":true,"href":"https:\/\/auskoln.az\/ru\/wp-json\/wp\/v2\/product_tag?post=516"}],"curies":[{"name":"wp","href":"https:\/\/api.w.org\/{rel}","templated":true}]}}