{"id":507,"date":"2025-10-14T23:37:45","date_gmt":"2025-10-14T19:37:45","guid":{"rendered":"https:\/\/auskoln.az\/?post_type=product&#038;p=507"},"modified":"2025-10-14T23:43:21","modified_gmt":"2025-10-14T19:43:21","slug":"tebrikler","status":"publish","type":"product","link":"https:\/\/auskoln.az\/ru\/product\/tebrikler\/","title":{"rendered":"&#8220;T\u0259brikl\u0259r!&#8221; &#8211; postkard"},"content":{"rendered":"","protected":false},"excerpt":{"rendered":"<p>R\u0259ngli, enerjili v\u0259 m\u00fcsb\u0259t emosiyalarla dolu bu a\u00e7\u0131qca sevincin vizual t\u0259c\u0259ss\u00fcm\u00fcd\u00fcr. Parlaq \u015far fiqurlar\u0131 v\u0259 iri \u201cT\u0259brikl\u0259r!\u201d yaz\u0131s\u0131 h\u0259r bayram\u0131n, nailiyy\u0259tin v\u0259 xo\u015f x\u0259b\u0259r an\u0131n\u0131n ovqat\u0131n\u0131 m\u00fck\u0259mm\u0259l \u0259ks etdirir. \u0130st\u0259nil\u0259n u\u011furu qeyd etm\u0259k, birini t\u0259brik etm\u0259k v\u0259 ya sad\u0259c\u0259 sevinci payla\u015fmaq \u00fc\u00e7\u00fcn ideal se\u00e7imdir.<\/p>","protected":false},"featured_media":510,"template":"","meta":[],"product_brand":[],"product_cat":[31],"product_tag":[],"class_list":{"0":"post-507","1":"product","2":"type-product","3":"status-publish","4":"has-post-thumbnail","6":"product_cat-postcards","7":"pa_application-family","8":"pa_application-friends","9":"pa_application-gift","10":"pa_application-colleagues","12":"first","13":"instock","14":"purchasable","15":"product-type-variable","16":"has-default-attributes"},"_links":{"self":[{"href":"https:\/\/auskoln.az\/ru\/wp-json\/wp\/v2\/product\/507","targetHints":{"allow":["GET"]}}],"collection":[{"href":"https:\/\/auskoln.az\/ru\/wp-json\/wp\/v2\/product"}],"about":[{"href":"https:\/\/auskoln.az\/ru\/wp-json\/wp\/v2\/types\/product"}],"wp:featuredmedia":[{"embeddable":true,"href":"https:\/\/auskoln.az\/ru\/wp-json\/wp\/v2\/media\/510"}],"wp:attachment":[{"href":"https:\/\/auskoln.az\/ru\/wp-json\/wp\/v2\/media?parent=507"}],"wp:term":[{"taxonomy":"product_brand","embeddable":true,"href":"https:\/\/auskoln.az\/ru\/wp-json\/wp\/v2\/product_brand?post=507"},{"taxonomy":"product_cat","embeddable":true,"href":"https:\/\/auskoln.az\/ru\/wp-json\/wp\/v2\/product_cat?post=507"},{"taxonomy":"product_tag","embeddable":true,"href":"https:\/\/auskoln.az\/ru\/wp-json\/wp\/v2\/product_tag?post=507"}],"curies":[{"name":"wp","href":"https:\/\/api.w.org\/{rel}","templated":true}]}}