{"id":502,"date":"2025-10-14T23:17:16","date_gmt":"2025-10-14T19:17:16","guid":{"rendered":"https:\/\/auskoln.az\/?post_type=product&#038;p=502"},"modified":"2025-10-14T23:39:49","modified_gmt":"2025-10-14T19:39:49","slug":"ad-gunun-mubarek","status":"publish","type":"product","link":"https:\/\/auskoln.az\/ru\/product\/ad-gunun-mubarek\/","title":{"rendered":"&#8220;Ad g\u00fcn\u00fcn m\u00fcbar\u0259k!&#8221; &#8211; a\u00e7\u0131q\u00e7a"},"content":{"rendered":"","protected":false},"excerpt":{"rendered":"<p>R\u0259ngli, enerjili v\u0259 bayram ab-haval\u0131 bu a\u00e7\u0131qca ad g\u00fcnl\u0259rini daha da x\u00fcsusi edir. \u015e\u0259n ill\u00fcstrasiyalar \u2014 tortlar, \u015famlar, h\u0259diyy\u0259l\u0259r v\u0259 bayram papaqlar\u0131 \u2014 sevinc v\u0259 xo\u015f arzularla dolu bir g\u00fcn\u00fc \u0259ks etdirir. \u201cAd g\u00fcn\u00fcn m\u00fcbar\u0259k!\u201d yaz\u0131s\u0131 is\u0259 s\u0259mimi t\u0259briki tamamlay\u0131r v\u0259 h\u0259r k\u0259sin \u00fcz\u00fcn\u0259 t\u0259b\u0259ss\u00fcm g\u0259tirir.<\/p>","protected":false},"featured_media":504,"template":"","meta":[],"product_brand":[],"product_cat":[32],"product_tag":[77],"class_list":{"0":"post-502","1":"product","2":"type-product","3":"status-publish","4":"has-post-thumbnail","6":"product_cat-foldables","7":"product_tag-love","8":"pa_application-family","9":"pa_application-friends","10":"pa_application-gift","11":"pa_application-colleagues","13":"first","14":"instock","15":"shipping-taxable","16":"purchasable","17":"product-type-variable","18":"has-default-attributes"},"_links":{"self":[{"href":"https:\/\/auskoln.az\/ru\/wp-json\/wp\/v2\/product\/502","targetHints":{"allow":["GET"]}}],"collection":[{"href":"https:\/\/auskoln.az\/ru\/wp-json\/wp\/v2\/product"}],"about":[{"href":"https:\/\/auskoln.az\/ru\/wp-json\/wp\/v2\/types\/product"}],"wp:featuredmedia":[{"embeddable":true,"href":"https:\/\/auskoln.az\/ru\/wp-json\/wp\/v2\/media\/504"}],"wp:attachment":[{"href":"https:\/\/auskoln.az\/ru\/wp-json\/wp\/v2\/media?parent=502"}],"wp:term":[{"taxonomy":"product_brand","embeddable":true,"href":"https:\/\/auskoln.az\/ru\/wp-json\/wp\/v2\/product_brand?post=502"},{"taxonomy":"product_cat","embeddable":true,"href":"https:\/\/auskoln.az\/ru\/wp-json\/wp\/v2\/product_cat?post=502"},{"taxonomy":"product_tag","embeddable":true,"href":"https:\/\/auskoln.az\/ru\/wp-json\/wp\/v2\/product_tag?post=502"}],"curies":[{"name":"wp","href":"https:\/\/api.w.org\/{rel}","templated":true}]}}