{"id":489,"date":"2025-10-14T22:46:45","date_gmt":"2025-10-14T18:46:45","guid":{"rendered":"https:\/\/auskoln.az\/?post_type=product&#038;p=489"},"modified":"2025-11-15T19:16:34","modified_gmt":"2025-11-15T15:16:34","slug":"chaos-gets-jealous-of-your-energy","status":"publish","type":"product","link":"https:\/\/auskoln.az\/ru\/product\/chaos-gets-jealous-of-your-energy\/","title":{"rendered":"&#8220;Chaos gets jealous of your energy&#8221; &#8211; a\u00e7\u0131q\u00e7a"},"content":{"rendered":"","protected":false},"excerpt":{"rendered":"<p>Canl\u0131, c\u0259sar\u0259tli v\u0259 \u00f6z\u00fcn\u0259 inaml\u0131 sakitlikl\u0259 dolu \u2014 bu a\u00e7\u0131qca enerjinizin xaosdan daha y\u00fcks\u0259k s\u0259sl\u0259 dan\u0131\u015fd\u0131\u011f\u0131na dair ki\u00e7ik bir xat\u0131rlatmad\u0131r. Yum\u015faq, g\u00fccl\u0259ndirici emoji il\u0259 parlaq \u00e7\u0259hray\u0131 fonda qurulan o, inam v\u0259 s\u00fclh sa\u00e7\u0131r. F\u0131rt\u0131nalar\u0131 g\u00fcn\u0259\u015f i\u015f\u0131\u011f\u0131na \u00e7evir\u0259n h\u0259r k\u0259s \u00fc\u00e7\u00fcn m\u00fck\u0259mm\u0259l bir ki\u00e7ik t\u0259sdiq.<\/p>","protected":false},"featured_media":493,"template":"","meta":[],"product_brand":[],"product_cat":[32],"product_tag":[77],"class_list":{"0":"post-489","1":"product","2":"type-product","3":"status-publish","4":"has-post-thumbnail","6":"product_cat-foldables","7":"product_tag-love","8":"pa_application-friends","9":"pa_application-colleagues","11":"first","12":"instock","13":"shipping-taxable","14":"purchasable","15":"product-type-variable","16":"has-default-attributes"},"_links":{"self":[{"href":"https:\/\/auskoln.az\/ru\/wp-json\/wp\/v2\/product\/489","targetHints":{"allow":["GET"]}}],"collection":[{"href":"https:\/\/auskoln.az\/ru\/wp-json\/wp\/v2\/product"}],"about":[{"href":"https:\/\/auskoln.az\/ru\/wp-json\/wp\/v2\/types\/product"}],"wp:featuredmedia":[{"embeddable":true,"href":"https:\/\/auskoln.az\/ru\/wp-json\/wp\/v2\/media\/493"}],"wp:attachment":[{"href":"https:\/\/auskoln.az\/ru\/wp-json\/wp\/v2\/media?parent=489"}],"wp:term":[{"taxonomy":"product_brand","embeddable":true,"href":"https:\/\/auskoln.az\/ru\/wp-json\/wp\/v2\/product_brand?post=489"},{"taxonomy":"product_cat","embeddable":true,"href":"https:\/\/auskoln.az\/ru\/wp-json\/wp\/v2\/product_cat?post=489"},{"taxonomy":"product_tag","embeddable":true,"href":"https:\/\/auskoln.az\/ru\/wp-json\/wp\/v2\/product_tag?post=489"}],"curies":[{"name":"wp","href":"https:\/\/api.w.org\/{rel}","templated":true}]}}