{"id":481,"date":"2025-10-12T04:48:28","date_gmt":"2025-10-12T00:48:28","guid":{"rendered":"https:\/\/auskoln.az\/?post_type=product&#038;p=481"},"modified":"2025-10-27T17:50:56","modified_gmt":"2025-10-27T13:50:56","slug":"ne-yaxsi-ki-varsan","status":"publish","type":"product","link":"https:\/\/auskoln.az\/ru\/product\/ne-yaxsi-ki-varsan\/","title":{"rendered":"&#8220;N\u0259 yax\u015f\u0131 ki, varsan&#8221; &#8211; a\u00e7\u0131q\u00e7a"},"content":{"rendered":"","protected":false},"excerpt":{"rendered":"<p>Romantik, z\u0259rif v\u0259 s\u0259mimi \u2014 bu a\u00e7\u0131qca sevginin \u0259n g\u00f6z\u0259l s\u00f6zl\u0259rl\u0259 ifad\u0259sidir. \u015eampan, \u00e7i\u00e7\u0259kl\u0259r v\u0259 \u00fcr\u0259k formal\u0131 tortun yer ald\u0131\u011f\u0131 ill\u00fcstrasiya birg\u0259 anlar\u0131n \u015firinliyini xat\u0131rlad\u0131r. \u201cN\u0259 yax\u015f\u0131 ki, h\u0259yat\u0131mda s\u0259n varsan\u201d c\u00fcml\u0259si is\u0259 h\u0259min hissl\u0259ri sad\u0259, amma d\u0259rin bir \u015f\u0259kild\u0259 tamamlay\u0131r.<\/p>","protected":false},"featured_media":449,"template":"","meta":[],"product_brand":[],"product_cat":[32],"product_tag":[77],"class_list":{"0":"post-481","1":"product","2":"type-product","3":"status-publish","4":"has-post-thumbnail","6":"product_cat-foldables","7":"product_tag-love","8":"pa_application-family","9":"pa_application-friends","10":"pa_application-love","12":"first","13":"instock","14":"sale","15":"shipping-taxable","16":"purchasable","17":"product-type-variable","18":"has-default-attributes"},"_links":{"self":[{"href":"https:\/\/auskoln.az\/ru\/wp-json\/wp\/v2\/product\/481","targetHints":{"allow":["GET"]}}],"collection":[{"href":"https:\/\/auskoln.az\/ru\/wp-json\/wp\/v2\/product"}],"about":[{"href":"https:\/\/auskoln.az\/ru\/wp-json\/wp\/v2\/types\/product"}],"wp:featuredmedia":[{"embeddable":true,"href":"https:\/\/auskoln.az\/ru\/wp-json\/wp\/v2\/media\/449"}],"wp:attachment":[{"href":"https:\/\/auskoln.az\/ru\/wp-json\/wp\/v2\/media?parent=481"}],"wp:term":[{"taxonomy":"product_brand","embeddable":true,"href":"https:\/\/auskoln.az\/ru\/wp-json\/wp\/v2\/product_brand?post=481"},{"taxonomy":"product_cat","embeddable":true,"href":"https:\/\/auskoln.az\/ru\/wp-json\/wp\/v2\/product_cat?post=481"},{"taxonomy":"product_tag","embeddable":true,"href":"https:\/\/auskoln.az\/ru\/wp-json\/wp\/v2\/product_tag?post=481"}],"curies":[{"name":"wp","href":"https:\/\/api.w.org\/{rel}","templated":true}]}}