{"id":475,"date":"2025-10-12T04:40:30","date_gmt":"2025-10-12T00:40:30","guid":{"rendered":"https:\/\/auskoln.az\/?post_type=product&#038;p=475"},"modified":"2025-10-12T04:47:18","modified_gmt":"2025-10-12T00:47:18","slug":"mene-dozduyun-ucun-tesekkurler","status":"publish","type":"product","link":"https:\/\/auskoln.az\/ru\/product\/mene-dozduyun-ucun-tesekkurler\/","title":{"rendered":"&#8220;M\u0259n\u0259 d\u00f6zd\u00fcy\u00fcn \u00fc\u00e7\u00fcn minn\u0259tdaram&#8221; &#8211; postkard"},"content":{"rendered":"","protected":false},"excerpt":{"rendered":"<p>H\u0259m g\u00fclm\u0259li, h\u0259m d\u0259 \u015firin bir etiraf! Bu a\u00e7\u0131qca m\u00fcnasib\u0259tl\u0259rin s\u0259mimi t\u0259r\u0259fini inc\u0259 yumorla ifad\u0259 edir. \u0130ll\u00fcstrasiyadak\u0131 iki pi\u015fik \u2013 birinin yor\u011fun, dig\u0259rinin is\u0259 \u00f6z\u00fcnd\u0259n raz\u0131 bax\u0131\u015f\u0131 \u2013 uzun s\u0259bir v\u0259 sevgiyl\u0259 dolu m\u00fcnasib\u0259tin simvoludur. \u201cM\u0259n\u0259 d\u00f6zd\u00fcy\u00fcn \u00fc\u00e7\u00fcn minn\u0259tdaram\u201d c\u00fcml\u0259si il\u0259 h\u0259m g\u00fcl\u00fcms\u0259dir, h\u0259m d\u0259 i\u00e7d\u0259n t\u0259\u015f\u0259kk\u00fcr bildirir.<\/p>","protected":false},"featured_media":477,"template":"","meta":[],"product_brand":[],"product_cat":[31],"product_tag":[],"class_list":{"0":"post-475","1":"product","2":"type-product","3":"status-publish","4":"has-post-thumbnail","6":"product_cat-postcards","7":"pa_application-family","8":"pa_application-friends","9":"pa_application-gift","10":"pa_application-colleagues","11":"pa_application-love","12":"pa_application-thanks","14":"first","15":"instock","16":"purchasable","17":"product-type-variable","18":"has-default-attributes"},"_links":{"self":[{"href":"https:\/\/auskoln.az\/ru\/wp-json\/wp\/v2\/product\/475","targetHints":{"allow":["GET"]}}],"collection":[{"href":"https:\/\/auskoln.az\/ru\/wp-json\/wp\/v2\/product"}],"about":[{"href":"https:\/\/auskoln.az\/ru\/wp-json\/wp\/v2\/types\/product"}],"wp:featuredmedia":[{"embeddable":true,"href":"https:\/\/auskoln.az\/ru\/wp-json\/wp\/v2\/media\/477"}],"wp:attachment":[{"href":"https:\/\/auskoln.az\/ru\/wp-json\/wp\/v2\/media?parent=475"}],"wp:term":[{"taxonomy":"product_brand","embeddable":true,"href":"https:\/\/auskoln.az\/ru\/wp-json\/wp\/v2\/product_brand?post=475"},{"taxonomy":"product_cat","embeddable":true,"href":"https:\/\/auskoln.az\/ru\/wp-json\/wp\/v2\/product_cat?post=475"},{"taxonomy":"product_tag","embeddable":true,"href":"https:\/\/auskoln.az\/ru\/wp-json\/wp\/v2\/product_tag?post=475"}],"curies":[{"name":"wp","href":"https:\/\/api.w.org\/{rel}","templated":true}]}}