{"id":469,"date":"2025-10-12T04:31:17","date_gmt":"2025-10-12T00:31:17","guid":{"rendered":"https:\/\/auskoln.az\/?post_type=product&#038;p=469"},"modified":"2025-10-27T17:51:12","modified_gmt":"2025-10-27T13:51:12","slug":"repeat-duymesi-olardin","status":"publish","type":"product","link":"https:\/\/auskoln.az\/ru\/product\/repeat-duymesi-olardin\/","title":{"rendered":"&#8220;Repeat d\u00fcym\u0259si olardin&#8221; &#8211; a\u00e7\u0131q\u00e7a"},"content":{"rendered":"","protected":false},"excerpt":{"rendered":"<p>Bu a\u00e7\u0131qca h\u0259m romantik, h\u0259m d\u0259 \u0259yl\u0259nc\u0259li bir mesaj da\u015f\u0131y\u0131r: \u201cH\u0259yat bir playlist olsa idi, s\u0259n \u2018repeat\u2019 d\u00fcym\u0259si olard\u0131n.\u201d R\u0259ngar\u0259ng, enerjili ill\u00fcstrasiyalar v\u0259 sevimli pi\u015fik fiqurlar\u0131 sevginin oynaq v\u0259 xo\u015fb\u0259xt t\u0259r\u0259fini \u0259ks etdirir. Bu kart birinin h\u0259yat\u0131nda daim t\u0259krar olunacaq q\u0259d\u0259r d\u0259y\u0259rli oldu\u011funu inc\u0259 yumorla v\u0259 \u015firin t\u0259rzd\u0259 \u00e7atd\u0131r\u0131r.<\/p>","protected":false},"featured_media":464,"template":"","meta":[],"product_brand":[],"product_cat":[32],"product_tag":[77],"class_list":{"0":"post-469","1":"product","2":"type-product","3":"status-publish","4":"has-post-thumbnail","6":"product_cat-foldables","7":"product_tag-love","8":"pa_application-family","9":"pa_application-friends","10":"pa_application-gift","11":"pa_application-love","13":"first","14":"instock","15":"shipping-taxable","16":"purchasable","17":"product-type-variable","18":"has-default-attributes"},"_links":{"self":[{"href":"https:\/\/auskoln.az\/ru\/wp-json\/wp\/v2\/product\/469","targetHints":{"allow":["GET"]}}],"collection":[{"href":"https:\/\/auskoln.az\/ru\/wp-json\/wp\/v2\/product"}],"about":[{"href":"https:\/\/auskoln.az\/ru\/wp-json\/wp\/v2\/types\/product"}],"wp:featuredmedia":[{"embeddable":true,"href":"https:\/\/auskoln.az\/ru\/wp-json\/wp\/v2\/media\/464"}],"wp:attachment":[{"href":"https:\/\/auskoln.az\/ru\/wp-json\/wp\/v2\/media?parent=469"}],"wp:term":[{"taxonomy":"product_brand","embeddable":true,"href":"https:\/\/auskoln.az\/ru\/wp-json\/wp\/v2\/product_brand?post=469"},{"taxonomy":"product_cat","embeddable":true,"href":"https:\/\/auskoln.az\/ru\/wp-json\/wp\/v2\/product_cat?post=469"},{"taxonomy":"product_tag","embeddable":true,"href":"https:\/\/auskoln.az\/ru\/wp-json\/wp\/v2\/product_tag?post=469"}],"curies":[{"name":"wp","href":"https:\/\/api.w.org\/{rel}","templated":true}]}}