{"id":445,"date":"2025-10-12T01:42:04","date_gmt":"2025-10-11T21:42:04","guid":{"rendered":"https:\/\/auskoln.az\/?post_type=product&#038;p=445"},"modified":"2025-11-06T22:03:57","modified_gmt":"2025-11-06T18:03:57","slug":"men-cox-sevmek-seni","status":"publish","type":"product","link":"https:\/\/auskoln.az\/ru\/product\/men-cox-sevmek-seni\/","title":{"rendered":"&#8220;M\u0259n \u00e7ox sevm\u0259k s\u0259ni&#8221; &#8211; a\u00e7\u0131q\u00e7a"},"content":{"rendered":"","protected":false},"excerpt":{"rendered":"<p>Sevimli, r\u0259ngar\u0259ng v\u0259 \u00fcr\u0259kd\u0259n g\u0259l\u0259n! Bu a\u00e7\u0131qca u\u015faq kimi saf hissl\u0259ri ifad\u0259 edir. \u018flind\u0259 \u00fcr\u0259k tutan g\u00fcl\u0259r\u00fcz ya\u015f\u0131l fiqur sanki dem\u0259k ist\u0259yir: \u201cs\u0259ni \u00e7ox sevir\u0259m!\u201d \u0130st\u0259r sevgilin\u0259, ist\u0259r dostuna, ist\u0259r ail\u0259 \u00fczv\u00fcn\u0259 ver \u2014 bu a\u00e7\u0131qca h\u0259r k\u0259si g\u00fcl\u00fcms\u0259d\u0259c\u0259k v\u0259 i\u00e7i istilikl\u0259 dolacaq.<\/p>","protected":false},"featured_media":450,"template":"","meta":[],"product_brand":[],"product_cat":[32],"product_tag":[77],"class_list":{"0":"post-445","1":"product","2":"type-product","3":"status-publish","4":"has-post-thumbnail","6":"product_cat-foldables","7":"product_tag-love","8":"pa_application-family","9":"pa_application-friends","10":"pa_application-love","12":"first","13":"instock","14":"shipping-taxable","15":"purchasable","16":"product-type-variable","17":"has-default-attributes"},"_links":{"self":[{"href":"https:\/\/auskoln.az\/ru\/wp-json\/wp\/v2\/product\/445","targetHints":{"allow":["GET"]}}],"collection":[{"href":"https:\/\/auskoln.az\/ru\/wp-json\/wp\/v2\/product"}],"about":[{"href":"https:\/\/auskoln.az\/ru\/wp-json\/wp\/v2\/types\/product"}],"wp:featuredmedia":[{"embeddable":true,"href":"https:\/\/auskoln.az\/ru\/wp-json\/wp\/v2\/media\/450"}],"wp:attachment":[{"href":"https:\/\/auskoln.az\/ru\/wp-json\/wp\/v2\/media?parent=445"}],"wp:term":[{"taxonomy":"product_brand","embeddable":true,"href":"https:\/\/auskoln.az\/ru\/wp-json\/wp\/v2\/product_brand?post=445"},{"taxonomy":"product_cat","embeddable":true,"href":"https:\/\/auskoln.az\/ru\/wp-json\/wp\/v2\/product_cat?post=445"},{"taxonomy":"product_tag","embeddable":true,"href":"https:\/\/auskoln.az\/ru\/wp-json\/wp\/v2\/product_tag?post=445"}],"curies":[{"name":"wp","href":"https:\/\/api.w.org\/{rel}","templated":true}]}}