{"id":439,"date":"2025-10-12T01:34:15","date_gmt":"2025-10-11T21:34:15","guid":{"rendered":"https:\/\/auskoln.az\/?post_type=product&#038;p=439"},"modified":"2025-10-14T23:41:45","modified_gmt":"2025-10-14T19:41:45","slug":"men-de-seni","status":"publish","type":"product","link":"https:\/\/auskoln.az\/ru\/product\/men-de-seni\/","title":{"rendered":"&#8220;M\u0259n d\u0259 s\u0259ni&#8221; &#8211; postkard"},"content":{"rendered":"","protected":false},"excerpt":{"rendered":"<p>Sad\u0259liyin i\u00e7ind\u0259ki \u0259n d\u0259rin hissl\u0259r. \u201cM\u0259n d\u0259 s\u0259ni.\u201d a\u00e7\u0131qcas\u0131 \u00e7ox s\u00f6z\u0259 ehtiyac duymadan, \u0259n s\u0259mimi cavab\u0131 verir. \u0130ki z\u0259rif \u00e7i\u00e7\u0259k \u2014 biri sar\u0131, biri mavi \u2014 qar\u015f\u0131l\u0131ql\u0131 sevgini, anlay\u0131\u015f\u0131 v\u0259 sakit bir ba\u011f\u0131n istiliyini simvoliz\u0259 edir. Minimalist dizayn\u0131 il\u0259 h\u0259m z\u0259rif, h\u0259m d\u0259 duy\u011fusal bir t\u0259\u0259ss\u00fcrat yarad\u0131r.<\/p>","protected":false},"featured_media":441,"template":"","meta":[],"product_brand":[],"product_cat":[31],"product_tag":[],"class_list":{"0":"post-439","1":"product","2":"type-product","3":"status-publish","4":"has-post-thumbnail","6":"product_cat-postcards","7":"pa_application-love","9":"first","10":"instock","11":"purchasable","12":"product-type-variable","13":"has-default-attributes"},"_links":{"self":[{"href":"https:\/\/auskoln.az\/ru\/wp-json\/wp\/v2\/product\/439","targetHints":{"allow":["GET"]}}],"collection":[{"href":"https:\/\/auskoln.az\/ru\/wp-json\/wp\/v2\/product"}],"about":[{"href":"https:\/\/auskoln.az\/ru\/wp-json\/wp\/v2\/types\/product"}],"wp:featuredmedia":[{"embeddable":true,"href":"https:\/\/auskoln.az\/ru\/wp-json\/wp\/v2\/media\/441"}],"wp:attachment":[{"href":"https:\/\/auskoln.az\/ru\/wp-json\/wp\/v2\/media?parent=439"}],"wp:term":[{"taxonomy":"product_brand","embeddable":true,"href":"https:\/\/auskoln.az\/ru\/wp-json\/wp\/v2\/product_brand?post=439"},{"taxonomy":"product_cat","embeddable":true,"href":"https:\/\/auskoln.az\/ru\/wp-json\/wp\/v2\/product_cat?post=439"},{"taxonomy":"product_tag","embeddable":true,"href":"https:\/\/auskoln.az\/ru\/wp-json\/wp\/v2\/product_tag?post=439"}],"curies":[{"name":"wp","href":"https:\/\/api.w.org\/{rel}","templated":true}]}}