{"id":353,"date":"2025-10-11T04:14:19","date_gmt":"2025-10-11T00:14:19","guid":{"rendered":"https:\/\/auskoln.az\/?post_type=product&#038;p=353"},"modified":"2025-10-27T17:50:18","modified_gmt":"2025-10-27T13:50:18","slug":"kainat-senden-danisir","status":"publish","type":"product","link":"https:\/\/auskoln.az\/ru\/product\/kainat-senden-danisir\/","title":{"rendered":"&#8220;Kainat s\u0259nd\u0259n dan\u0131\u015f\u0131r&#8221; &#8211; a\u00e7\u0131q\u00e7a"},"content":{"rendered":"","protected":false},"excerpt":{"rendered":"<p>U\u015faql\u0131q x\u0259yallar\u0131n\u0131 v\u0259 kosmosun sehrini birl\u0259\u015fdir\u0259n bu a\u00e7\u0131qca pozitivlik v\u0259 istilik sa\u00e7\u0131r. R\u0259ngar\u0259ng ulduzlar, ay v\u0259 buludlarla dolu fon \u00fcz\u0259rind\u0259ki g\u00fcl\u00fcms\u0259y\u0259n Yer k\u00fcr\u0259si sanki dem\u0259k ist\u0259yir: \u201cbu d\u0259qiq\u0259 haradasa kainat s\u0259nd\u0259n dan\u0131\u015f\u0131b lov\u011falan\u0131r\u201d. Xo\u015f enerjisi v\u0259 s\u0259mimi dizayn\u0131 il\u0259 bu a\u00e7\u0131qca ist\u0259nil\u0259n an\u0131 i\u015f\u0131qland\u0131racaq.<\/p>","protected":false},"featured_media":438,"template":"","meta":[],"product_brand":[],"product_cat":[32],"product_tag":[77],"class_list":{"0":"post-353","1":"product","2":"type-product","3":"status-publish","4":"has-post-thumbnail","6":"product_cat-foldables","7":"product_tag-love","8":"pa_application-family","9":"pa_application-friends","10":"pa_application-colleagues","11":"pa_application-love","13":"first","14":"instock","15":"shipping-taxable","16":"purchasable","17":"product-type-variable","18":"has-default-attributes"},"_links":{"self":[{"href":"https:\/\/auskoln.az\/ru\/wp-json\/wp\/v2\/product\/353","targetHints":{"allow":["GET"]}}],"collection":[{"href":"https:\/\/auskoln.az\/ru\/wp-json\/wp\/v2\/product"}],"about":[{"href":"https:\/\/auskoln.az\/ru\/wp-json\/wp\/v2\/types\/product"}],"wp:featuredmedia":[{"embeddable":true,"href":"https:\/\/auskoln.az\/ru\/wp-json\/wp\/v2\/media\/438"}],"wp:attachment":[{"href":"https:\/\/auskoln.az\/ru\/wp-json\/wp\/v2\/media?parent=353"}],"wp:term":[{"taxonomy":"product_brand","embeddable":true,"href":"https:\/\/auskoln.az\/ru\/wp-json\/wp\/v2\/product_brand?post=353"},{"taxonomy":"product_cat","embeddable":true,"href":"https:\/\/auskoln.az\/ru\/wp-json\/wp\/v2\/product_cat?post=353"},{"taxonomy":"product_tag","embeddable":true,"href":"https:\/\/auskoln.az\/ru\/wp-json\/wp\/v2\/product_tag?post=353"}],"curies":[{"name":"wp","href":"https:\/\/api.w.org\/{rel}","templated":true}]}}