{"id":9,"date":"2025-10-09T18:45:45","date_gmt":"2025-10-09T17:45:45","guid":{"rendered":"https:\/\/auskoln.az\/index.php\/basket\/"},"modified":"2025-10-11T19:35:43","modified_gmt":"2025-10-11T15:35:43","slug":"cart","status":"publish","type":"page","link":"https:\/\/auskoln.az\/ru\/cart\/","title":{"rendered":"\u041a\u043e\u0440\u0437\u0438\u043d\u0430"},"content":{"rendered":"<div data-block-name=\"woocommerce\/cart\" class=\"wp-block-woocommerce-cart alignwide is-loading\">\n<div data-block-name=\"woocommerce\/filled-cart-block\" class=\"wp-block-woocommerce-filled-cart-block\">\n<div data-block-name=\"woocommerce\/cart-items-block\" class=\"wp-block-woocommerce-cart-items-block\">\n<div data-block-name=\"woocommerce\/cart-line-items-block\" class=\"wp-block-woocommerce-cart-line-items-block\"><\/div>\n\n\n<\/div>\n\n\n\n\n<div data-block-name=\"woocommerce\/cart-totals-block\" class=\"wp-block-woocommerce-cart-totals-block\">\n<div data-block-name=\"woocommerce\/cart-order-summary-block\" class=\"wp-block-woocommerce-cart-order-summary-block\">\n<div data-block-name=\"woocommerce\/cart-order-summary-heading-block\" class=\"wp-block-woocommerce-cart-order-summary-heading-block\"><\/div><div data-block-name=\"woocommerce\/cart-order-summary-coupon-form-block\" class=\"wp-block-woocommerce-cart-order-summary-coupon-form-block\"><\/div><div data-block-name=\"woocommerce\/cart-order-summary-totals-block\" class=\"wp-block-woocommerce-cart-order-summary-totals-block\">\n<div data-block-name=\"woocommerce\/cart-order-summary-subtotal-block\" class=\"wp-block-woocommerce-cart-order-summary-subtotal-block\"><\/div>\n<div data-block-name=\"woocommerce\/cart-order-summary-discount-block\" class=\"wp-block-woocommerce-cart-order-summary-discount-block\"><\/div>\n<div data-block-name=\"woocommerce\/cart-order-summary-fee-block\" class=\"wp-block-woocommerce-cart-order-summary-fee-block\"><\/div>\n<div data-block-name=\"woocommerce\/cart-order-summary-shipping-block\" class=\"wp-block-woocommerce-cart-order-summary-shipping-block\"><\/div>\n<div data-block-name=\"woocommerce\/cart-order-summary-taxes-block\" class=\"wp-block-woocommerce-cart-order-summary-taxes-block\"><\/div><\/div>\n<\/div>\n\n\n\n<div data-block-name=\"woocommerce\/cart-express-payment-block\" class=\"wp-block-woocommerce-cart-express-payment-block\"><\/div>\n\n\n\n<div data-block-name=\"woocommerce\/proceed-to-checkout-block\" class=\"wp-block-woocommerce-proceed-to-checkout-block\"><\/div>\n\n\n\n<div data-block-name=\"woocommerce\/cart-accepted-payment-methods-block\" class=\"wp-block-woocommerce-cart-accepted-payment-methods-block\"><\/div>\n<\/div>\n<\/div>\n\n\n\n<div data-block-name=\"woocommerce\/empty-cart-block\" class=\"wp-block-woocommerce-empty-cart-block\">\n<h2 class=\"wp-block-heading has-text-align-center with-empty-cart-icon wc-block-cart__empty-cart__title\">Your basket is currently empty!<\/h2>\n\n\n\n<hr class=\"wp-block-separator has-alpha-channel-opacity is-style-dots\"\/>\n\n\n\n<h2 class=\"wp-block-heading has-text-align-center\">New in store<\/h2>\n\n\n<div data-block-name=\"woocommerce\/product-new\" data-columns=\"4\" data-rows=\"1\" class=\"wc-block-grid wp-block-product-new wp-block-woocommerce-product-new wc-block-product-new has-4-columns\"><ul class=\"wc-block-grid__products\">    <li class=\"wc-block-grid__product product type-product post-553 status-publish first instock product_cat-foldables product_tag-love has-post-thumbnail shipping-taxable purchasable product-type-variable has-default-attributes\">\n        <a href=\"https:\/\/auskoln.az\/ru\/product\/its-too-late\/\" class=\"product-link\">\n            <div class=\"heim-woocommerce-loop-product-thumbnail\">\n                <img loading=\"lazy\" decoding=\"async\" width=\"400\" height=\"533\" src=\"https:\/\/auskoln.az\/wp-content\/uploads\/2025\/10\/late-1-400x533.jpg\" class=\"attachment-woocommerce_thumbnail size-woocommerce_thumbnail\" alt=\"&quot;It&#039;s too late&quot; - a\u00e7\u0131q\u00e7a\" srcset=\"https:\/\/auskoln.az\/wp-content\/uploads\/2025\/10\/late-1-400x533.jpg 400w, https:\/\/auskoln.az\/wp-content\/uploads\/2025\/10\/late-1-225x300.jpg 225w, https:\/\/auskoln.az\/wp-content\/uploads\/2025\/10\/late-1-768x1024.jpg 768w, https:\/\/auskoln.az\/wp-content\/uploads\/2025\/10\/late-1-9x12.jpg 9w, https:\/\/auskoln.az\/wp-content\/uploads\/2025\/10\/late-1-700x933.jpg 700w, https:\/\/auskoln.az\/wp-content\/uploads\/2025\/10\/late-1-150x200.jpg 150w, https:\/\/auskoln.az\/wp-content\/uploads\/2025\/10\/late-1.jpg 900w\" sizes=\"auto, (max-width: 400px) 100vw, 400px\" \/>            <\/div>\n\n            <h2 class=\"woocommerce-loop-product__title\">&quot;It&#039;s too late&quot; &#8211; a\u00e7\u0131q\u00e7a<\/h2>\n        <\/a>\n\t\t\n\t\t\n\t\t\t\t\t\t<p class=\"card_price price\">\n\t\t\t\t\t\t\t6 AZN\n\t\t\t\t\t\t<\/p>\n\t\t\t\t\t\n        <p class=\"card_category\"><img decoding=\"async\" src=\"\/wp-content\/uploads\/2025\/10\/icon_foldable.png\" alt=\"\"> \u041e\u0442\u043a\u0440\u044b\u0442\u043a\u0430<\/p><a href=\"https:\/\/auskoln.az\/ru\/product\/its-too-late\/\" class=\"card_atc\">\u0417\u0430\u043a\u0430\u0437\u0430\u0442\u044c<\/a>    <\/li>\n        <li class=\"wc-block-grid__product product type-product post-548 status-publish instock product_cat-foldables product_tag-love has-post-thumbnail shipping-taxable purchasable product-type-variable has-default-attributes\">\n        <a href=\"https:\/\/auskoln.az\/ru\/product\/new-year-same-btch\/\" class=\"product-link\">\n            <div class=\"heim-woocommerce-loop-product-thumbnail\">\n                <img loading=\"lazy\" decoding=\"async\" width=\"400\" height=\"533\" src=\"https:\/\/auskoln.az\/wp-content\/uploads\/2025\/10\/bitch-1-400x533.jpg\" class=\"attachment-woocommerce_thumbnail size-woocommerce_thumbnail\" alt=\"&quot;New year same b*tch&quot; - a\u00e7\u0131q\u00e7a\" srcset=\"https:\/\/auskoln.az\/wp-content\/uploads\/2025\/10\/bitch-1-400x533.jpg 400w, https:\/\/auskoln.az\/wp-content\/uploads\/2025\/10\/bitch-1-225x300.jpg 225w, https:\/\/auskoln.az\/wp-content\/uploads\/2025\/10\/bitch-1-768x1024.jpg 768w, https:\/\/auskoln.az\/wp-content\/uploads\/2025\/10\/bitch-1-9x12.jpg 9w, https:\/\/auskoln.az\/wp-content\/uploads\/2025\/10\/bitch-1-700x933.jpg 700w, https:\/\/auskoln.az\/wp-content\/uploads\/2025\/10\/bitch-1-150x200.jpg 150w, https:\/\/auskoln.az\/wp-content\/uploads\/2025\/10\/bitch-1.jpg 900w\" sizes=\"auto, (max-width: 400px) 100vw, 400px\" \/>            <\/div>\n\n            <h2 class=\"woocommerce-loop-product__title\">&quot;New year same b*tch&quot; &#8211; a\u00e7\u0131q\u00e7a<\/h2>\n        <\/a>\n\t\t\n\t\t\n\t\t\t\t\t\t<p class=\"card_price price\">\n\t\t\t\t\t\t\t6 AZN\n\t\t\t\t\t\t<\/p>\n\t\t\t\t\t\n        <p class=\"card_category\"><img decoding=\"async\" src=\"\/wp-content\/uploads\/2025\/10\/icon_foldable.png\" alt=\"\"> \u041e\u0442\u043a\u0440\u044b\u0442\u043a\u0430<\/p><a href=\"https:\/\/auskoln.az\/ru\/product\/new-year-same-btch\/\" class=\"card_atc\">\u0417\u0430\u043a\u0430\u0437\u0430\u0442\u044c<\/a>    <\/li>\n        <li class=\"wc-block-grid__product product type-product post-544 status-publish instock product_cat-postcards has-post-thumbnail purchasable product-type-variable has-default-attributes\">\n        <a href=\"https:\/\/auskoln.az\/ru\/product\/i-told-chatgpt-about-you\/\" class=\"product-link\">\n            <div class=\"heim-woocommerce-loop-product-thumbnail\">\n                <img loading=\"lazy\" decoding=\"async\" width=\"400\" height=\"533\" src=\"https:\/\/auskoln.az\/wp-content\/uploads\/2025\/10\/gpt-400x533.jpg\" class=\"attachment-woocommerce_thumbnail size-woocommerce_thumbnail\" alt=\"&quot;I told ChatGPT about you&quot; - postkard\" srcset=\"https:\/\/auskoln.az\/wp-content\/uploads\/2025\/10\/gpt-400x533.jpg 400w, https:\/\/auskoln.az\/wp-content\/uploads\/2025\/10\/gpt-225x300.jpg 225w, https:\/\/auskoln.az\/wp-content\/uploads\/2025\/10\/gpt-768x1024.jpg 768w, https:\/\/auskoln.az\/wp-content\/uploads\/2025\/10\/gpt-9x12.jpg 9w, https:\/\/auskoln.az\/wp-content\/uploads\/2025\/10\/gpt-700x933.jpg 700w, https:\/\/auskoln.az\/wp-content\/uploads\/2025\/10\/gpt-150x200.jpg 150w, https:\/\/auskoln.az\/wp-content\/uploads\/2025\/10\/gpt.jpg 900w\" sizes=\"auto, (max-width: 400px) 100vw, 400px\" \/>            <\/div>\n\n            <h2 class=\"woocommerce-loop-product__title\">&quot;I told ChatGPT about you&quot; &#8211; postkard<\/h2>\n        <\/a>\n\t\t\n\t\t\n\t\t\t\t\t\t<p class=\"card_price price\">\n\t\t\t\t\t\t\t4 AZN\n\t\t\t\t\t\t<\/p>\n\t\t\t\t\t\n        <p class=\"card_category\"><img decoding=\"async\" src=\"\/wp-content\/uploads\/2025\/10\/icon_postcard.png\" alt=\"\"> \u041f\u043e\u0441\u0442\u043a\u0430\u0440\u0442\u0430<\/p><a href=\"https:\/\/auskoln.az\/ru\/product\/i-told-chatgpt-about-you\/\" class=\"card_atc\">\u0417\u0430\u043a\u0430\u0437\u0430\u0442\u044c<\/a>    <\/li>\n        <li class=\"wc-block-grid__product product type-product post-540 status-publish last instock product_cat-postcards has-post-thumbnail purchasable product-type-variable has-default-attributes\">\n        <a href=\"https:\/\/auskoln.az\/ru\/product\/concatulations\/\" class=\"product-link\">\n            <div class=\"heim-woocommerce-loop-product-thumbnail\">\n                <img loading=\"lazy\" decoding=\"async\" width=\"400\" height=\"533\" src=\"https:\/\/auskoln.az\/wp-content\/uploads\/2025\/10\/concatulations-400x533.jpg\" class=\"attachment-woocommerce_thumbnail size-woocommerce_thumbnail\" alt=\"&quot;Concatulations&quot; - postkard\" srcset=\"https:\/\/auskoln.az\/wp-content\/uploads\/2025\/10\/concatulations-400x533.jpg 400w, https:\/\/auskoln.az\/wp-content\/uploads\/2025\/10\/concatulations-225x300.jpg 225w, https:\/\/auskoln.az\/wp-content\/uploads\/2025\/10\/concatulations-768x1024.jpg 768w, https:\/\/auskoln.az\/wp-content\/uploads\/2025\/10\/concatulations-9x12.jpg 9w, https:\/\/auskoln.az\/wp-content\/uploads\/2025\/10\/concatulations-700x933.jpg 700w, https:\/\/auskoln.az\/wp-content\/uploads\/2025\/10\/concatulations-150x200.jpg 150w, https:\/\/auskoln.az\/wp-content\/uploads\/2025\/10\/concatulations.jpg 900w\" sizes=\"auto, (max-width: 400px) 100vw, 400px\" \/>            <\/div>\n\n            <h2 class=\"woocommerce-loop-product__title\">&quot;Concatulations&quot; &#8211; postkard<\/h2>\n        <\/a>\n\t\t\n\t\t\n\t\t\t\t\t\t<p class=\"card_price price\">\n\t\t\t\t\t\t\t4 AZN\n\t\t\t\t\t\t<\/p>\n\t\t\t\t\t\n        <p class=\"card_category\"><img decoding=\"async\" src=\"\/wp-content\/uploads\/2025\/10\/icon_postcard.png\" alt=\"\"> \u041f\u043e\u0441\u0442\u043a\u0430\u0440\u0442\u0430<\/p><a href=\"https:\/\/auskoln.az\/ru\/product\/concatulations\/\" class=\"card_atc\">\u0417\u0430\u043a\u0430\u0437\u0430\u0442\u044c<\/a>    <\/li>\n    <\/ul><\/div><\/div>\n<\/div>","protected":false},"excerpt":{"rendered":"","protected":false},"author":1,"featured_media":0,"parent":0,"menu_order":0,"comment_status":"closed","ping_status":"closed","template":"","meta":{"footnotes":""},"class_list":["post-9","page","type-page","status-publish","hentry"],"_links":{"self":[{"href":"https:\/\/auskoln.az\/ru\/wp-json\/wp\/v2\/pages\/9","targetHints":{"allow":["GET"]}}],"collection":[{"href":"https:\/\/auskoln.az\/ru\/wp-json\/wp\/v2\/pages"}],"about":[{"href":"https:\/\/auskoln.az\/ru\/wp-json\/wp\/v2\/types\/page"}],"author":[{"embeddable":true,"href":"https:\/\/auskoln.az\/ru\/wp-json\/wp\/v2\/users\/1"}],"replies":[{"embeddable":true,"href":"https:\/\/auskoln.az\/ru\/wp-json\/wp\/v2\/comments?post=9"}],"version-history":[{"count":1,"href":"https:\/\/auskoln.az\/ru\/wp-json\/wp\/v2\/pages\/9\/revisions"}],"predecessor-version":[{"id":290,"href":"https:\/\/auskoln.az\/ru\/wp-json\/wp\/v2\/pages\/9\/revisions\/290"}],"wp:attachment":[{"href":"https:\/\/auskoln.az\/ru\/wp-json\/wp\/v2\/media?parent=9"}],"curies":[{"name":"wp","href":"https:\/\/api.w.org\/{rel}","templated":true}]}}