{"id":339,"date":"2025-10-11T02:43:34","date_gmt":"2025-10-10T22:43:34","guid":{"rendered":"https:\/\/auskoln.az\/?page_id=339"},"modified":"2025-10-11T02:44:00","modified_gmt":"2025-10-10T22:44:00","slug":"terms-of-service","status":"publish","type":"page","link":"https:\/\/auskoln.az\/ru\/terms-of-service\/","title":{"rendered":"\u0423\u0441\u043b\u043e\u0432\u0438\u044f \u043f\u0440\u0435\u0434\u043e\u0441\u0442\u0430\u0432\u043b\u0435\u043d\u0438\u044f \u0443\u0441\u043b\u0443\u0433"},"content":{"rendered":"<p><strong>Yenil\u0259nm\u0259 tarixi:<\/strong> 11 oktyabr 2025<\/p>\n\n\n\n<p>Bu s\u0259n\u0259d AUSK\u00d6LN onlayn ma\u011fazas\u0131ndan (auskoln.az) istifad\u0259 v\u0259 al\u0131\u015f prosesi \u00fc\u00e7\u00fcn \u015f\u0259rtl\u0259ri m\u00fc\u0259yy\u0259n edir. Sayt\u0131m\u0131zdan istifad\u0259 etm\u0259kl\u0259, bu \u015e\u0259rtl\u0259r v\u0259 Qaydalarla raz\u0131 oldu\u011funuzu t\u0259sdiql\u0259yirsiniz.<\/p>\n\n\n\n<hr class=\"wp-block-separator has-alpha-channel-opacity\"\/>\n\n\n\n<h2 class=\"wp-block-heading\"><strong>1. \u00dcmumi m\u0259lumat<\/strong><\/h2>\n\n\n\n<p>AUSK\u00d6LN onlayn ma\u011fazas\u0131 po\u00e7t kartlar\u0131 v\u0259 m\u00fcxt\u0259lif suvenir m\u0259hsullar\u0131n\u0131n sat\u0131\u015f\u0131n\u0131 h\u0259yata ke\u00e7irir. Sayt yaln\u0131z debet\/kredit kartlar\u0131, Apple Pay v\u0259 Google Pay vasit\u0259sil\u0259 \u00f6d\u0259ni\u015f q\u0259bul edir.<\/p>\n\n\n\n<p>Bu \u015f\u0259rtl\u0259r h\u0259m sayt\u0131n b\u00fct\u00fcn istifad\u0259\u00e7il\u0259rin\u0259, h\u0259m d\u0259 al\u0131\u015f-veri\u015f ed\u0259n m\u00fc\u015ft\u0259ril\u0259r\u0259 \u015famil olunur.<\/p>\n\n\n\n<hr class=\"wp-block-separator has-alpha-channel-opacity\"\/>\n\n\n\n<h2 class=\"wp-block-heading\"><strong>2. M\u0259hsullar v\u0259 qiym\u0259tl\u0259r<\/strong><\/h2>\n\n\n\n<ul class=\"wp-block-list\">\n<li>Saytda g\u00f6st\u0259ril\u0259n b\u00fct\u00fcn m\u0259hsullar\u0131n t\u0259svirl\u0259ri v\u0259 \u015f\u0259kill\u0259ri real m\u0259hsullara \u0259saslan\u0131r, lakin ekran f\u0259rql\u0259rin\u0259 g\u00f6r\u0259 r\u0259ngl\u0259r v\u0259 g\u00f6r\u00fcnt\u00fcl\u0259r bir q\u0259d\u0259r f\u0259rqli ola bil\u0259r.<\/li>\n\n\n\n<li>Qiym\u0259tl\u0259r <strong>Az\u0259rbaycan manat\u0131 (AZN)<\/strong> il\u0259 g\u00f6st\u0259rilir v\u0259 ist\u0259nil\u0259n vaxt \u0259vv\u0259lc\u0259d\u0259n x\u0259b\u0259rdarl\u0131q edilm\u0259d\u0259n d\u0259yi\u015fdiril\u0259 bil\u0259r.<\/li>\n\n\n\n<li>Qiym\u0259tl\u0259r\u0259 \u00e7atd\u0131r\u0131lma x\u0259rcl\u0259ri daxil deyil. \u00c7atd\u0131r\u0131lma x\u0259rcl\u0259ri sifari\u015f zaman\u0131 hesablan\u0131r v\u0259 ayr\u0131ca g\u00f6st\u0259rilir.<\/li>\n<\/ul>\n\n\n\n<hr class=\"wp-block-separator has-alpha-channel-opacity\"\/>\n\n\n\n<h2 class=\"wp-block-heading\"><strong>3. Sifari\u015fin r\u0259smil\u0259\u015fdirilm\u0259si<\/strong><\/h2>\n\n\n\n<ul class=\"wp-block-list\">\n<li>Sifari\u015f yaln\u0131z tam v\u0259 d\u00fczg\u00fcn m\u0259lumatlar\u0131n daxil edilm\u0259si il\u0259 q\u0259bul olunur.<\/li>\n\n\n\n<li>Sifari\u015f t\u0259sdiql\u0259ndikd\u0259n sonra m\u00fc\u015ft\u0259rinin elektron po\u00e7t \u00fcnvan\u0131na t\u0259sdiq m\u0259ktubu g\u00f6nd\u0259rilir.<\/li>\n\n\n\n<li>AUSK\u00d6LN sifari\u015fin icras\u0131n\u0131 t\u0259sdiql\u0259m\u0259d\u0259n l\u0259\u011fv etm\u0259k h\u00fcququna malikdir (m\u0259s\u0259l\u0259n, texniki nasazl\u0131q, s\u0259hv qiym\u0259t v\u0259 ya m\u0259hsul stokda olmad\u0131qda).<\/li>\n<\/ul>\n\n\n\n<hr class=\"wp-block-separator has-alpha-channel-opacity\"\/>\n\n\n\n<h2 class=\"wp-block-heading\"><strong>4. \u00d6d\u0259ni\u015f<\/strong><\/h2>\n\n\n\n<ul class=\"wp-block-list\">\n<li>\u00d6d\u0259ni\u015f yaln\u0131z <strong>debet\/kredit kart\u0131<\/strong>, <strong>Apple Pay<\/strong> v\u0259 <strong>Google Pay<\/strong> vasit\u0259sil\u0259 h\u0259yata ke\u00e7iril\u0259 bil\u0259r.<\/li>\n\n\n\n<li>\u00d6d\u0259ni\u015fl\u0259r t\u0259hl\u00fck\u0259siz \u00f6d\u0259ni\u015f t\u0259minat\u00e7\u0131lar\u0131 t\u0259r\u0259find\u0259n emal olunur, AUSK\u00d6LN kart m\u0259lumatlar\u0131n\u0131 saxlam\u0131r v\u0259 onlara \u00e7\u0131x\u0131\u015f etmir.<\/li>\n\n\n\n<li>\u00d6d\u0259ni\u015f tamamland\u0131qdan sonra sifari\u015f emala al\u0131n\u0131r.<\/li>\n<\/ul>\n\n\n\n<hr class=\"wp-block-separator has-alpha-channel-opacity\"\/>\n\n\n\n<h2 class=\"wp-block-heading\"><strong>5. \u00c7atd\u0131r\u0131lma<\/strong><\/h2>\n\n\n\n<ul class=\"wp-block-list\">\n<li>\u00c7atd\u0131r\u0131lma Az\u0259rbaycan daxilind\u0259 h\u0259yata ke\u00e7irilir.<\/li>\n\n\n\n<li>\u00c7atd\u0131r\u0131lma m\u00fcdd\u0259ti sifari\u015fin yerin\u0259 yetirilm\u0259 b\u00f6lg\u0259sind\u0259n as\u0131l\u0131 olaraq f\u0259rql\u0259n\u0259 bil\u0259r.<\/li>\n\n\n\n<li>\u00c7atd\u0131r\u0131lma x\u0259rcl\u0259ri sifari\u015f zaman\u0131 g\u00f6st\u0259rilir v\u0259 \u00fcmumi m\u0259bl\u0259\u011f\u0259 \u0259lav\u0259 olunur.<\/li>\n\n\n\n<li>Yanl\u0131\u015f \u00fcnvan v\u0259 ya \u0259laq\u0259 m\u0259lumat\u0131 t\u0259qdim edildikd\u0259 sifari\u015fin gecikm\u0259si v\u0259 ya \u00e7atd\u0131r\u0131lmamas\u0131 \u00fc\u00e7\u00fcn AUSK\u00d6LN m\u0259suliyy\u0259t da\u015f\u0131m\u0131r.<\/li>\n<\/ul>\n\n\n\n<hr class=\"wp-block-separator has-alpha-channel-opacity\"\/>\n\n\n\n<h2 class=\"wp-block-heading\"><strong>6. Qaytar\u0131lma v\u0259 d\u0259yi\u015fdirilm\u0259<\/strong><\/h2>\n\n\n\n<ul class=\"wp-block-list\">\n<li>M\u0259hsullar yaln\u0131z <strong>q\u00fcsurlu v\u0259 ya s\u0259hv g\u00f6nd\u0259rildiyi halda<\/strong> geri qaytar\u0131la bil\u0259r.<\/li>\n\n\n\n<li>Qaytar\u0131lma \u00fc\u00e7\u00fcn m\u0259hsulun orijinal v\u0259ziyy\u0259td\u0259 v\u0259 qabla\u015fd\u0131rmada olmas\u0131 vacibdir.<\/li>\n\n\n\n<li>Qaytar\u0131lma t\u0259l\u0259bl\u0259ri sifari\u015fin \u00e7atd\u0131r\u0131lmas\u0131ndan 7 g\u00fcn \u0259rzind\u0259 salam@auskoln.az elektron po\u00e7t \u00fcnvan\u0131na g\u00f6nd\u0259rilm\u0259lidir.<br>Qaytar\u0131lan m\u0259hsullar\u0131n t\u0259sdiql\u0259nm\u0259sind\u0259n sonra m\u0259bl\u0259\u011f 5\u201310 i\u015f g\u00fcn\u00fc \u0259rzind\u0259 eyni \u00f6d\u0259ni\u015f \u00fcsulu il\u0259 geri qaytar\u0131l\u0131r.<br><\/li>\n<\/ul>\n\n\n\n<h2 class=\"wp-block-heading\"><strong>7. M\u0259suliyy\u0259tin m\u0259hdudla\u015fd\u0131r\u0131lmas\u0131<\/strong><\/h2>\n\n\n\n<ul class=\"wp-block-list\">\n<li>AUSK\u00d6LN sayt\u0131n fasil\u0259siz v\u0259 ya x\u0259tas\u0131z i\u015fl\u0259y\u0259c\u0259yin\u0259 z\u0259man\u0259t vermir, lakin texniki nasazl\u0131qlar\u0131n aradan qald\u0131r\u0131lmas\u0131 \u00fc\u00e7\u00fcn s\u0259y g\u00f6st\u0259rir.<\/li>\n\n\n\n<li>AUSK\u00d6LN \u00fc\u00e7\u00fcnc\u00fc t\u0259r\u0259f \u00f6d\u0259ni\u015f v\u0259 ya \u00e7atd\u0131r\u0131lma xidm\u0259tl\u0259rinin f\u0259aliyy\u0259tin\u0259 g\u00f6r\u0259 m\u0259suliyy\u0259t da\u015f\u0131m\u0131r.<\/li>\n\n\n\n<li>M\u00fc\u015ft\u0259ri m\u0259hsuldan istifad\u0259 n\u0259tic\u0259sind\u0259 yaranan dolay\u0131 v\u0259 ya t\u0259sad\u00fcfi z\u0259r\u0259rl\u0259r \u00fc\u00e7\u00fcn AUSK\u00d6LN cavabdeh deyil.<\/li>\n<\/ul>\n\n\n\n<hr class=\"wp-block-separator has-alpha-channel-opacity\"\/>\n\n\n\n<h2 class=\"wp-block-heading\"><strong>8. \u0130ntellektual m\u00fclkiyy\u0259t h\u00fcquqlar\u0131<\/strong><\/h2>\n\n\n\n<p>Saytda yerl\u0259\u015fdiril\u0259n b\u00fct\u00fcn m\u0259zmunlar (m\u0259tnl\u0259r, \u015f\u0259kill\u0259r, dizayn elementl\u0259ri, loqo v\u0259 s.) AUSK\u00d6LN-\u0259 m\u0259xsusdur v\u0259 m\u00fc\u0259lliflik h\u00fcquqlar\u0131 il\u0259 qorunur.<br>Bu materiallar\u0131n icaz\u0259siz sur\u0259tinin \u00e7\u0131xar\u0131lmas\u0131, payla\u015f\u0131lmas\u0131 v\u0259 ya kommersiya m\u0259qs\u0259dil\u0259 istifad\u0259si qada\u011fand\u0131r.<\/p>\n\n\n\n<hr class=\"wp-block-separator has-alpha-channel-opacity\"\/>\n\n\n\n<h2 class=\"wp-block-heading\"><strong>9. M\u0259xfilik<\/strong><\/h2>\n\n\n\n<p>M\u00fc\u015ft\u0259ri m\u0259lumatlar\u0131n\u0131n qorunmas\u0131 <strong>AUSK\u00d6LN M\u0259xfilik Siyas\u0259ti<\/strong> il\u0259 t\u0259nziml\u0259nir. Sayt\u0131m\u0131zdan istifad\u0259 etm\u0259kl\u0259, h\u0259min siyas\u0259td\u0259 qeyd olunan \u015f\u0259rtl\u0259rl\u0259 raz\u0131 oldu\u011funuzu t\u0259sdiql\u0259yirsiniz.<\/p>\n\n\n\n<h2 class=\"wp-block-heading\"><strong>10. Qanunvericilik v\u0259 m\u00fcbahis\u0259l\u0259rin h\u0259lli<\/strong><\/h2>\n\n\n\n<p>Bu \u015e\u0259rtl\u0259r v\u0259 Qaydalar Az\u0259rbaycan Respublikas\u0131n\u0131n qanunvericiliyin\u0259 \u0259saslan\u0131r.<br>Yaranan h\u0259r hans\u0131 m\u00fcbahis\u0259 qar\u015f\u0131l\u0131ql\u0131 raz\u0131la\u015fma yolu il\u0259 h\u0259ll olunur. Raz\u0131la\u015fma m\u00fcmk\u00fcn olmad\u0131qda, m\u0259s\u0259l\u0259 Az\u0259rbaycan Respublikas\u0131n\u0131n m\u00fcvafiq m\u0259hk\u0259m\u0259l\u0259rind\u0259 bax\u0131l\u0131r.<\/p>\n\n\n\n<h2 class=\"wp-block-heading\"><strong>11. \u018flaq\u0259<\/strong><\/h2>\n\n\n\n<p>\u015e\u0259rtl\u0259r v\u0259 Qaydalarla ba\u011fl\u0131 sual v\u0259 ya m\u00fcraci\u0259tl\u0259r \u00fc\u00e7\u00fcn biziml\u0259 \u0259laq\u0259 saxlay\u0131n:<\/p>\n\n\n\n<p><strong>AUSK\u00d6LN<\/strong><br>E-mail: salam@auskoln.az<\/p>\n\n\n\n<p>AUSK\u00d6LN sayt\u0131ndan istifad\u0259 etm\u0259kl\u0259, bu \u015e\u0259rtl\u0259r v\u0259 Qaydalarla tam raz\u0131 oldu\u011funuzu t\u0259sdiql\u0259yirsiniz.<\/p>\n\n\n\n<p><\/p>","protected":false},"excerpt":{"rendered":"<p>Yenil\u0259nm\u0259 tarixi: 11 oktyabr 2025 Bu s\u0259n\u0259d AUSK\u00d6LN onlayn ma\u011fazas\u0131ndan (auskoln.az) istifad\u0259 v\u0259 al\u0131\u015f prosesi \u00fc\u00e7\u00fcn \u015f\u0259rtl\u0259ri m\u00fc\u0259yy\u0259n edir. Sayt\u0131m\u0131zdan istifad\u0259 etm\u0259kl\u0259, bu \u015e\u0259rtl\u0259r v\u0259 Qaydalarla raz\u0131 oldu\u011funuzu t\u0259sdiql\u0259yirsiniz. 1. &#8230;<\/p>","protected":false},"author":1,"featured_media":0,"parent":0,"menu_order":0,"comment_status":"closed","ping_status":"closed","template":"","meta":{"footnotes":""},"class_list":["post-339","page","type-page","status-publish","hentry"],"_links":{"self":[{"href":"https:\/\/auskoln.az\/ru\/wp-json\/wp\/v2\/pages\/339","targetHints":{"allow":["GET"]}}],"collection":[{"href":"https:\/\/auskoln.az\/ru\/wp-json\/wp\/v2\/pages"}],"about":[{"href":"https:\/\/auskoln.az\/ru\/wp-json\/wp\/v2\/types\/page"}],"author":[{"embeddable":true,"href":"https:\/\/auskoln.az\/ru\/wp-json\/wp\/v2\/users\/1"}],"replies":[{"embeddable":true,"href":"https:\/\/auskoln.az\/ru\/wp-json\/wp\/v2\/comments?post=339"}],"version-history":[{"count":2,"href":"https:\/\/auskoln.az\/ru\/wp-json\/wp\/v2\/pages\/339\/revisions"}],"predecessor-version":[{"id":341,"href":"https:\/\/auskoln.az\/ru\/wp-json\/wp\/v2\/pages\/339\/revisions\/341"}],"wp:attachment":[{"href":"https:\/\/auskoln.az\/ru\/wp-json\/wp\/v2\/media?parent=339"}],"curies":[{"name":"wp","href":"https:\/\/api.w.org\/{rel}","templated":true}]}}