{"id":122,"date":"2025-10-09T18:46:30","date_gmt":"2025-10-09T17:46:30","guid":{"rendered":"https:\/\/auskoln.az\/index.php\/home\/"},"modified":"2025-10-28T01:17:23","modified_gmt":"2025-10-27T21:17:23","slug":"home","status":"publish","type":"page","link":"https:\/\/auskoln.az\/ru\/","title":{"rendered":"Ana s\u0259hif\u0259"},"content":{"rendered":"\n<div class=\"wp-block-cover alignwide is-light\" style=\"min-height:545px;aspect-ratio:unset;\"><img loading=\"lazy\" decoding=\"async\" width=\"1600\" height=\"800\" class=\"wp-block-cover__image-background wp-image-571 size-full\" alt=\"\" src=\"https:\/\/auskoln.az\/wp-content\/uploads\/2025\/10\/wide.jpg\" style=\"object-position:76% 65%\" data-object-fit=\"cover\" data-object-position=\"76% 65%\" srcset=\"https:\/\/auskoln.az\/wp-content\/uploads\/2025\/10\/wide.jpg 1600w, https:\/\/auskoln.az\/wp-content\/uploads\/2025\/10\/wide-300x150.jpg 300w, https:\/\/auskoln.az\/wp-content\/uploads\/2025\/10\/wide-1024x512.jpg 1024w, https:\/\/auskoln.az\/wp-content\/uploads\/2025\/10\/wide-768x384.jpg 768w, https:\/\/auskoln.az\/wp-content\/uploads\/2025\/10\/wide-1536x768.jpg 1536w, https:\/\/auskoln.az\/wp-content\/uploads\/2025\/10\/wide-18x9.jpg 18w, https:\/\/auskoln.az\/wp-content\/uploads\/2025\/10\/wide-400x200.jpg 400w, https:\/\/auskoln.az\/wp-content\/uploads\/2025\/10\/wide-700x350.jpg 700w, https:\/\/auskoln.az\/wp-content\/uploads\/2025\/10\/wide-150x75.jpg 150w\" sizes=\"auto, (max-width: 1600px) 100vw, 1600px\" \/><span aria-hidden=\"true\" class=\"wp-block-cover__background has-heim-text-background-color has-background-dim-20 has-background-dim\"><\/span><div class=\"wp-block-cover__inner-container is-layout-constrained wp-block-cover-is-layout-constrained\">\n<h1 class=\"wp-block-heading has-text-align-center has-white-color has-text-color has-xxx-large-font-size\" style=\"margin-bottom:22px\">Az\u0259rbaycanda haz\u0131rlan\u0131r, d\u00fcnyaya h\u0259diyy\u0259 olunur<\/h1>\n\n\n\n<p class=\"has-text-align-center has-white-color has-text-color\" style=\"font-size:18px\">Z\u0259riflik v\u0259 ilham b\u0259x\u015f etm\u0259k \u00fc\u00e7\u00fcn yerli dizaynerl\u0259r t\u0259r\u0259find\u0259n \u015f\u0259h\u0259rin \u00fcr\u0259yind\u0259 yarad\u0131lm\u0131\u015f a\u00e7\u0131qcalar\u0131m\u0131zla tan\u0131\u015f olun.<br>Bizim m\u00fc\u0259llif \u0259s\u0259rl\u0259rimiz, sizin x\u00fcsusi anlar\u0131n\u0131z\u0131 daha da x\u00fcsusi ed\u0259c\u0259k.<\/p>\n\n\n\n<div style=\"height:10px\" aria-hidden=\"true\" class=\"wp-block-spacer is-style-default\"><\/div>\n\n\n\n<div class=\"wp-block-buttons is-content-justification-center is-layout-flex wp-container-core-buttons-is-layout-16018d1d wp-block-buttons-is-layout-flex\">\n<div class=\"wp-block-button\"><a class=\"wp-block-button__link has-white-background-color has-text-color has-background has-small-font-size has-custom-font-size wp-element-button\" href=\"\/shop\" style=\"color:#282828\">B\u00fct\u00fcn a\u00e7\u0131q\u00e7alara bax<\/a><\/div>\n<\/div>\n<\/div><\/div>\n\n\n\n<div style=\"height:22px\" aria-hidden=\"true\" class=\"wp-block-spacer is-style-default\"><\/div>\n\n\n\n<div class=\"campaigns-grid\">\n    <div class=\"campaign-card\">\n        <img decoding=\"async\" src=\"\/wp-content\/uploads\/2025\/10\/3plus1.png\" alt=\"\u0410\u043a\u0446\u0438\u044f 3+1\">\n        <div class=\"campaign-card__content\">\n            <strong>3+1 aksiyas\u0131<\/strong>\n            <p>3 a\u00e7\u0131qca ald\u0131\u011f\u0131n\u0131z zaman 4-c\u00fcn\u00fc pulsuz \u0259ld\u0259 edin!<\/p>\n        <\/div>\n    <\/div>\n    <div class=\"campaign-card\">\n        <img decoding=\"async\" src=\"\/wp-content\/uploads\/2025\/10\/shipping.png\" alt=\"\u0411\u0435\u0441\u043f\u043b\u0430\u0442\u043d\u0430\u044f \u0434\u043e\u0441\u0442\u0430\u0432\u043a\u0430\">\n        <div class=\"campaign-card__content\">\n            <strong>Pulsuz \u00e7atd\u0131r\u0131lma<\/strong>\n            <p>B\u00fct\u00fcn sifari\u015fl\u0259r\u0259 pulsuz po\u00e7tlar \u00e7atd\u0131r\u0131lma t\u0259qdim edirik. \u0130st\u0259y\u0259 ba\u011fl\u0131 olaraq 24 saat \u0259rzind\u0259 kuryerl\u0259 d\u0259 \u00e7atd\u0131r\u0131r\u0131q.<\/p>\n        <\/div>\n    <\/div>\n<\/div>\n\n\n\n<h2 class=\"wp-block-heading alignwide has-text-align-left has-x-large-font-size\" style=\"margin-bottom:36px\">A\u00e7\u0131q\u00e7a m\u00f6vzular\u0131<\/h2>\n\n\n\n<div class=\"categories-grid\">\n    <a href=\"\/application\/love\">\n        <img decoding=\"async\" src=\"\/wp-content\/uploads\/2025\/10\/category_love.jpg\" alt=\"Love\">\n        <span>Sevgi<\/span>\n    <\/a>\n    <a href=\"\/application\/family\">\n        <img decoding=\"async\" src=\"\/wp-content\/uploads\/2025\/10\/category_family.jpg\" alt=\"Family\">\n        <span>Ail\u0259<\/span>\n    <\/a>\n    <a href=\"\/application\/friends\">\n        <img decoding=\"async\" src=\"\/wp-content\/uploads\/2025\/10\/category_friends.jpg\" alt=\"Friends\">\n        <span>Dostlar<\/span>\n    <\/a>\n    <a href=\"\/application\/colleagues\">\n        <img decoding=\"async\" src=\"\/wp-content\/uploads\/2025\/10\/category_colleagues.jpg\" alt=\"Colleagues\">\n        <span>\u0130\u015f yolda\u015flar\u0131<\/span>\n    <\/a>\n    <a href=\"\/application\/thanks\">\n        <img decoding=\"async\" src=\"\/wp-content\/uploads\/2025\/10\/category_thanks.jpg\" alt=\"Thanks\">\n        <span>T\u0259\u015f\u0259kk\u00fcrl\u0259r<\/span>\n    <\/a>\n<\/div>\n\n\n\n<h2 class=\"wp-block-heading alignwide has-text-align-left has-x-large-font-size\" style=\"margin-bottom:36px\">Yeni m\u0259hsullar\u0131m\u0131z<\/h2>\n\n\n<div data-align-buttons=\"true\" data-block-name=\"woocommerce\/product-new\" data-columns=\"4\" data-rows=\"1\" data-stock-status=\"[&quot;&quot;,&quot;&quot;,&quot;&quot;,&quot;instock&quot;,&quot;outofstock&quot;,&quot;onbackorder&quot;]\" class=\"wc-block-grid wp-block-product-new wp-block-woocommerce-product-new wc-block-product-new has-4-columns alignwide has-aligned-buttons\"><ul class=\"wc-block-grid__products\">    <li class=\"wc-block-grid__product product type-product post-553 status-publish first instock product_cat-foldables product_tag-love has-post-thumbnail shipping-taxable purchasable product-type-variable has-default-attributes\">\n        <a href=\"https:\/\/auskoln.az\/ru\/product\/its-too-late\/\" class=\"product-link\">\n            <div class=\"heim-woocommerce-loop-product-thumbnail\">\n                <img loading=\"lazy\" decoding=\"async\" width=\"400\" height=\"533\" src=\"https:\/\/auskoln.az\/wp-content\/uploads\/2025\/10\/late-1-400x533.jpg\" class=\"attachment-woocommerce_thumbnail size-woocommerce_thumbnail\" alt=\"&quot;It&#039;s too late&quot; - a\u00e7\u0131q\u00e7a\" srcset=\"https:\/\/auskoln.az\/wp-content\/uploads\/2025\/10\/late-1-400x533.jpg 400w, https:\/\/auskoln.az\/wp-content\/uploads\/2025\/10\/late-1-225x300.jpg 225w, https:\/\/auskoln.az\/wp-content\/uploads\/2025\/10\/late-1-768x1024.jpg 768w, https:\/\/auskoln.az\/wp-content\/uploads\/2025\/10\/late-1-9x12.jpg 9w, https:\/\/auskoln.az\/wp-content\/uploads\/2025\/10\/late-1-700x933.jpg 700w, https:\/\/auskoln.az\/wp-content\/uploads\/2025\/10\/late-1-150x200.jpg 150w, https:\/\/auskoln.az\/wp-content\/uploads\/2025\/10\/late-1.jpg 900w\" sizes=\"auto, (max-width: 400px) 100vw, 400px\" \/>            <\/div>\n\n            <h2 class=\"woocommerce-loop-product__title\">&quot;It&#039;s too late&quot; &#8211; a\u00e7\u0131q\u00e7a<\/h2>\n        <\/a>\n\t\t\n\t\t\n\t\t\t\t\t\t<p class=\"card_price price\">\n\t\t\t\t\t\t\t6 AZN\n\t\t\t\t\t\t<\/p>\n\t\t\t\t\t\n        <p class=\"card_category\"><img decoding=\"async\" src=\"\/wp-content\/uploads\/2025\/10\/icon_foldable.png\" alt=\"\"> A\u00e7\u0131q\u00e7a<\/p><a href=\"https:\/\/auskoln.az\/ru\/product\/its-too-late\/\" class=\"card_atc\">Sifari\u015f et<\/a>    <\/li>\n        <li class=\"wc-block-grid__product product type-product post-548 status-publish instock product_cat-foldables product_tag-love has-post-thumbnail shipping-taxable purchasable product-type-variable has-default-attributes\">\n        <a href=\"https:\/\/auskoln.az\/ru\/product\/new-year-same-btch\/\" class=\"product-link\">\n            <div class=\"heim-woocommerce-loop-product-thumbnail\">\n                <img loading=\"lazy\" decoding=\"async\" width=\"400\" height=\"533\" src=\"https:\/\/auskoln.az\/wp-content\/uploads\/2025\/10\/bitch-1-400x533.jpg\" class=\"attachment-woocommerce_thumbnail size-woocommerce_thumbnail\" alt=\"&quot;New year same b*tch&quot; - a\u00e7\u0131q\u00e7a\" srcset=\"https:\/\/auskoln.az\/wp-content\/uploads\/2025\/10\/bitch-1-400x533.jpg 400w, https:\/\/auskoln.az\/wp-content\/uploads\/2025\/10\/bitch-1-225x300.jpg 225w, https:\/\/auskoln.az\/wp-content\/uploads\/2025\/10\/bitch-1-768x1024.jpg 768w, https:\/\/auskoln.az\/wp-content\/uploads\/2025\/10\/bitch-1-9x12.jpg 9w, https:\/\/auskoln.az\/wp-content\/uploads\/2025\/10\/bitch-1-700x933.jpg 700w, https:\/\/auskoln.az\/wp-content\/uploads\/2025\/10\/bitch-1-150x200.jpg 150w, https:\/\/auskoln.az\/wp-content\/uploads\/2025\/10\/bitch-1.jpg 900w\" sizes=\"auto, (max-width: 400px) 100vw, 400px\" \/>            <\/div>\n\n            <h2 class=\"woocommerce-loop-product__title\">&quot;New year same b*tch&quot; &#8211; a\u00e7\u0131q\u00e7a<\/h2>\n        <\/a>\n\t\t\n\t\t\n\t\t\t\t\t\t<p class=\"card_price price\">\n\t\t\t\t\t\t\t6 AZN\n\t\t\t\t\t\t<\/p>\n\t\t\t\t\t\n        <p class=\"card_category\"><img decoding=\"async\" src=\"\/wp-content\/uploads\/2025\/10\/icon_foldable.png\" alt=\"\"> A\u00e7\u0131q\u00e7a<\/p><a href=\"https:\/\/auskoln.az\/ru\/product\/new-year-same-btch\/\" class=\"card_atc\">Sifari\u015f et<\/a>    <\/li>\n        <li class=\"wc-block-grid__product product type-product post-544 status-publish instock product_cat-postcards has-post-thumbnail purchasable product-type-variable has-default-attributes\">\n        <a href=\"https:\/\/auskoln.az\/ru\/product\/i-told-chatgpt-about-you\/\" class=\"product-link\">\n            <div class=\"heim-woocommerce-loop-product-thumbnail\">\n                <img loading=\"lazy\" decoding=\"async\" width=\"400\" height=\"533\" src=\"https:\/\/auskoln.az\/wp-content\/uploads\/2025\/10\/gpt-400x533.jpg\" class=\"attachment-woocommerce_thumbnail size-woocommerce_thumbnail\" alt=\"&quot;I told ChatGPT about you&quot; - postkard\" srcset=\"https:\/\/auskoln.az\/wp-content\/uploads\/2025\/10\/gpt-400x533.jpg 400w, https:\/\/auskoln.az\/wp-content\/uploads\/2025\/10\/gpt-225x300.jpg 225w, https:\/\/auskoln.az\/wp-content\/uploads\/2025\/10\/gpt-768x1024.jpg 768w, https:\/\/auskoln.az\/wp-content\/uploads\/2025\/10\/gpt-9x12.jpg 9w, https:\/\/auskoln.az\/wp-content\/uploads\/2025\/10\/gpt-700x933.jpg 700w, https:\/\/auskoln.az\/wp-content\/uploads\/2025\/10\/gpt-150x200.jpg 150w, https:\/\/auskoln.az\/wp-content\/uploads\/2025\/10\/gpt.jpg 900w\" sizes=\"auto, (max-width: 400px) 100vw, 400px\" \/>            <\/div>\n\n            <h2 class=\"woocommerce-loop-product__title\">&quot;I told ChatGPT about you&quot; &#8211; postkard<\/h2>\n        <\/a>\n\t\t\n\t\t\n\t\t\t\t\t\t<p class=\"card_price price\">\n\t\t\t\t\t\t\t4 AZN\n\t\t\t\t\t\t<\/p>\n\t\t\t\t\t\n        <p class=\"card_category\"><img decoding=\"async\" src=\"\/wp-content\/uploads\/2025\/10\/icon_postcard.png\" alt=\"\"> Postkard<\/p><a href=\"https:\/\/auskoln.az\/ru\/product\/i-told-chatgpt-about-you\/\" class=\"card_atc\">Sifari\u015f et<\/a>    <\/li>\n        <li class=\"wc-block-grid__product product type-product post-540 status-publish last instock product_cat-postcards has-post-thumbnail purchasable product-type-variable has-default-attributes\">\n        <a href=\"https:\/\/auskoln.az\/ru\/product\/concatulations\/\" class=\"product-link\">\n            <div class=\"heim-woocommerce-loop-product-thumbnail\">\n                <img loading=\"lazy\" decoding=\"async\" width=\"400\" height=\"533\" src=\"https:\/\/auskoln.az\/wp-content\/uploads\/2025\/10\/concatulations-400x533.jpg\" class=\"attachment-woocommerce_thumbnail size-woocommerce_thumbnail\" alt=\"&quot;Concatulations&quot; - postkard\" srcset=\"https:\/\/auskoln.az\/wp-content\/uploads\/2025\/10\/concatulations-400x533.jpg 400w, https:\/\/auskoln.az\/wp-content\/uploads\/2025\/10\/concatulations-225x300.jpg 225w, https:\/\/auskoln.az\/wp-content\/uploads\/2025\/10\/concatulations-768x1024.jpg 768w, https:\/\/auskoln.az\/wp-content\/uploads\/2025\/10\/concatulations-9x12.jpg 9w, https:\/\/auskoln.az\/wp-content\/uploads\/2025\/10\/concatulations-700x933.jpg 700w, https:\/\/auskoln.az\/wp-content\/uploads\/2025\/10\/concatulations-150x200.jpg 150w, https:\/\/auskoln.az\/wp-content\/uploads\/2025\/10\/concatulations.jpg 900w\" sizes=\"auto, (max-width: 400px) 100vw, 400px\" \/>            <\/div>\n\n            <h2 class=\"woocommerce-loop-product__title\">&quot;Concatulations&quot; &#8211; postkard<\/h2>\n        <\/a>\n\t\t\n\t\t\n\t\t\t\t\t\t<p class=\"card_price price\">\n\t\t\t\t\t\t\t4 AZN\n\t\t\t\t\t\t<\/p>\n\t\t\t\t\t\n        <p class=\"card_category\"><img decoding=\"async\" src=\"\/wp-content\/uploads\/2025\/10\/icon_postcard.png\" alt=\"\"> Postkard<\/p><a href=\"https:\/\/auskoln.az\/ru\/product\/concatulations\/\" class=\"card_atc\">Sifari\u015f et<\/a>    <\/li>\n    <\/ul><\/div>\n\n\n<div class=\"wp-block-buttons is-content-justification-center is-layout-flex wp-container-core-buttons-is-layout-16018d1d wp-block-buttons-is-layout-flex\">\n<div class=\"wp-block-button light-button\"><a class=\"wp-block-button__link wp-element-button\" href=\"\/shop\">B\u00fct\u00fcn m\u0259hsullara bax<\/a><\/div>\n<\/div>\n\n\n\n<div class=\"big-slogan-wrapper\"><div class=\"big-slogan\"><h2>\u018fn vacib <img decoding=\"async\" src=\"\/wp-content\/uploads\/2025\/10\/hh1_1.jpg\" alt=\"1\"> s\u00f6zl\u0259ri dem\u0259y\u0259 <img decoding=\"async\" src=\"\/wp-content\/uploads\/2025\/10\/hh1_2.jpg\" alt=\"2\"> k\u00f6m\u0259k ed\u0259n <img decoding=\"async\" src=\"\/wp-content\/uploads\/2025\/10\/hh1_3.jpg\" alt=\"3\"> a\u00e7\u0131q\u00e7alar<\/h2><\/div><\/div>\n\n\n\n<div style=\"height:38px\" aria-hidden=\"true\" class=\"wp-block-spacer is-style-heim-spacer-no-margin\"><\/div>\n\n\n\n<div class=\"wp-block-columns alignwide is-style-heim-standard-margins is-layout-flex wp-container-core-columns-is-layout-9d6595d7 wp-block-columns-is-layout-flex\">\n<div class=\"wp-block-column is-layout-flow wp-block-column-is-layout-flow\">\n<div class=\"wp-block-cover is-light is-style-heim-preset-feature\"><img loading=\"lazy\" decoding=\"async\" width=\"1000\" height=\"667\" class=\"wp-block-cover__image-background wp-image-382 size-full\" alt=\"\" src=\"https:\/\/auskoln.az\/wp-content\/uploads\/2025\/10\/postcard.jpeg\" style=\"object-position:58% 46%\" data-object-fit=\"cover\" data-object-position=\"58% 46%\" srcset=\"https:\/\/auskoln.az\/wp-content\/uploads\/2025\/10\/postcard.jpeg 1000w, https:\/\/auskoln.az\/wp-content\/uploads\/2025\/10\/postcard-400x267.jpeg 400w, https:\/\/auskoln.az\/wp-content\/uploads\/2025\/10\/postcard-150x100.jpeg 150w, https:\/\/auskoln.az\/wp-content\/uploads\/2025\/10\/postcard-700x467.jpeg 700w, https:\/\/auskoln.az\/wp-content\/uploads\/2025\/10\/postcard-300x200.jpeg 300w, https:\/\/auskoln.az\/wp-content\/uploads\/2025\/10\/postcard-768x512.jpeg 768w, https:\/\/auskoln.az\/wp-content\/uploads\/2025\/10\/postcard-18x12.jpeg 18w\" sizes=\"auto, (max-width: 1000px) 100vw, 1000px\" \/><span aria-hidden=\"true\" class=\"wp-block-cover__background has-heim-text-background-color has-background-dim-20 has-background-dim\"><\/span><div class=\"wp-block-cover__inner-container is-layout-flow wp-block-cover-is-layout-flow\">\n<div class=\"wp-block-group is-vertical is-content-justification-left is-layout-flex wp-container-core-group-is-layout-adc7e0b5 wp-block-group-is-layout-flex\">\n<p class=\"has-white-color has-text-color\">Yerli dizayn<\/p>\n\n\n\n<div style=\"height:0px\" aria-hidden=\"true\" class=\"wp-block-spacer wp-container-content-7bd266f9\"><\/div>\n\n\n\n<h2 class=\"wp-block-heading has-white-color has-text-color has-x-large-font-size\">Yerli dizaynerl\u0259rimizin haz\u0131rlad\u0131\u011f\u0131 a\u00e7\u0131q\u00e7alarla tan\u0131\u015f olun<\/h2>\n\n\n\n<div class=\"wp-block-buttons is-layout-flex wp-block-buttons-is-layout-flex\" style=\"margin-top:1vw;margin-bottom:4px\">\n<div class=\"wp-block-button\"><a class=\"wp-block-button__link has-black-color has-white-background-color has-text-color has-background has-small-font-size has-custom-font-size wp-element-button\" href=\"\/product-category\/foldables\">A\u00e7\u0131q\u00e7alar<\/a><\/div>\n<\/div>\n<\/div>\n<\/div><\/div>\n<\/div>\n\n\n\n<div class=\"wp-block-column is-layout-flow wp-block-column-is-layout-flow\">\n<div class=\"wp-block-cover is-light has-custom-content-position is-position-bottom-left is-style-heim-preset-feature\"><img loading=\"lazy\" decoding=\"async\" width=\"1024\" height=\"1024\" class=\"wp-block-cover__image-background wp-image-378 size-large\" alt=\"\" src=\"https:\/\/auskoln.az\/wp-content\/uploads\/2025\/10\/cover-0-1-1024x1024.jpg\" data-object-fit=\"cover\" srcset=\"https:\/\/auskoln.az\/wp-content\/uploads\/2025\/10\/cover-0-1-1024x1024.jpg 1024w, https:\/\/auskoln.az\/wp-content\/uploads\/2025\/10\/cover-0-1-400x400.jpg 400w, https:\/\/auskoln.az\/wp-content\/uploads\/2025\/10\/cover-0-1-150x150.jpg 150w, https:\/\/auskoln.az\/wp-content\/uploads\/2025\/10\/cover-0-1-700x700.jpg 700w, https:\/\/auskoln.az\/wp-content\/uploads\/2025\/10\/cover-0-1-300x300.jpg 300w, https:\/\/auskoln.az\/wp-content\/uploads\/2025\/10\/cover-0-1-768x768.jpg 768w, https:\/\/auskoln.az\/wp-content\/uploads\/2025\/10\/cover-0-1-1536x1536.jpg 1536w, https:\/\/auskoln.az\/wp-content\/uploads\/2025\/10\/cover-0-1-12x12.jpg 12w, https:\/\/auskoln.az\/wp-content\/uploads\/2025\/10\/cover-0-1-32x32.jpg 32w, https:\/\/auskoln.az\/wp-content\/uploads\/2025\/10\/cover-0-1-50x50.jpg 50w, https:\/\/auskoln.az\/wp-content\/uploads\/2025\/10\/cover-0-1-100x100.jpg 100w, https:\/\/auskoln.az\/wp-content\/uploads\/2025\/10\/cover-0-1.jpg 1600w\" sizes=\"auto, (max-width: 1024px) 100vw, 1024px\" \/><span aria-hidden=\"true\" class=\"wp-block-cover__background has-heim-text-background-color has-background-dim-20 has-background-dim\"><\/span><div class=\"wp-block-cover__inner-container is-layout-flow wp-block-cover-is-layout-flow\">\n<div class=\"wp-block-group is-vertical is-content-justification-left is-layout-flex wp-container-core-group-is-layout-adc7e0b5 wp-block-group-is-layout-flex\">\n<p class=\"has-white-color has-text-color\">Yerli istehsal<\/p>\n\n\n\n<div style=\"height:0px\" aria-hidden=\"true\" class=\"wp-block-spacer wp-container-content-7bd266f9\"><\/div>\n\n\n\n<h2 class=\"wp-block-heading has-white-color has-text-color has-x-large-font-size\">T\u0259krarolunmaz y\u00fcks\u0259k keyfiyy\u0259tli postkardlar\u0131m\u0131zla tan\u0131\u015f olun<\/h2>\n\n\n\n<div class=\"wp-block-buttons is-layout-flex wp-block-buttons-is-layout-flex\" style=\"margin-top:1vw;margin-bottom:4px\">\n<div class=\"wp-block-button\"><a class=\"wp-block-button__link has-black-color has-white-background-color has-text-color has-background has-small-font-size has-custom-font-size wp-element-button\" href=\"\/product-category\/postcards\">Postkardlar<\/a><\/div>\n<\/div>\n<\/div>\n<\/div><\/div>\n<\/div>\n<\/div>\n\n\n\n<div style=\"height:60px\" aria-hidden=\"true\" class=\"wp-block-spacer is-style-heim-spacer-no-margin\"><\/div>\n","protected":false},"excerpt":{"rendered":"<p>3+1 aksiyas\u0131 3 a\u00e7\u0131qca ald\u0131\u011f\u0131n\u0131z zaman 4-c\u00fcn\u00fc pulsuz \u0259ld\u0259 edin! Pulsuz \u00e7atd\u0131r\u0131lma B\u00fct\u00fcn sifari\u015fl\u0259r\u0259 pulsuz po\u00e7tlar \u00e7atd\u0131r\u0131lma t\u0259qdim edirik. \u0130st\u0259y\u0259 ba\u011fl\u0131 olaraq 24 saat \u0259rzind\u0259 kuryerl\u0259 d\u0259 \u00e7atd\u0131r\u0131r\u0131q. A\u00e7\u0131q\u00e7a m\u00f6vzular\u0131 &#8230;<\/p>","protected":false},"author":1,"featured_media":0,"parent":0,"menu_order":0,"comment_status":"closed","ping_status":"closed","template":"","meta":{"footnotes":""},"class_list":["post-122","page","type-page","status-publish","hentry"],"_links":{"self":[{"href":"https:\/\/auskoln.az\/ru\/wp-json\/wp\/v2\/pages\/122","targetHints":{"allow":["GET"]}}],"collection":[{"href":"https:\/\/auskoln.az\/ru\/wp-json\/wp\/v2\/pages"}],"about":[{"href":"https:\/\/auskoln.az\/ru\/wp-json\/wp\/v2\/types\/page"}],"author":[{"embeddable":true,"href":"https:\/\/auskoln.az\/ru\/wp-json\/wp\/v2\/users\/1"}],"replies":[{"embeddable":true,"href":"https:\/\/auskoln.az\/ru\/wp-json\/wp\/v2\/comments?post=122"}],"version-history":[{"count":38,"href":"https:\/\/auskoln.az\/ru\/wp-json\/wp\/v2\/pages\/122\/revisions"}],"predecessor-version":[{"id":574,"href":"https:\/\/auskoln.az\/ru\/wp-json\/wp\/v2\/pages\/122\/revisions\/574"}],"wp:attachment":[{"href":"https:\/\/auskoln.az\/ru\/wp-json\/wp\/v2\/media?parent=122"}],"curies":[{"name":"wp","href":"https:\/\/api.w.org\/{rel}","templated":true}]}}